{"id":406,"date":"2019-07-25T11:51:22","date_gmt":"2019-07-25T16:51:22","guid":{"rendered":"http:\/\/www.gnosisxxi.mx\/?page_id=406"},"modified":"2019-09-16T11:46:36","modified_gmt":"2019-09-16T16:46:36","slug":"gobierno","status":"publish","type":"page","link":"https:\/\/www.gnosisxxi.mx\/es\/como-te-podemos-ayudar\/gobierno\/","title":{"rendered":"Gobiernos"},"content":{"rendered":"<h2>Federal<\/h2>\n<p>Procesos de consulta social y a expertos para el desarrollo de planes, programas y\/o proyectos pertinentes al desarrollo econ\u00f3mico, social y humano.<\/p>\n<p>Procesos de e-Government, gobierno abierto y democracia participativa.<\/p>\n<h2>Estatal<\/h2>\n<p>Procesos de consulta social, a expertos, l\u00edderes de opini\u00f3n o grupos de inter\u00e9s para el desarrollo de planes, programas o proyectos vinculados al desarrollo econ\u00f3mico, social y humano. Identificaci\u00f3n de oportunidades estrat\u00e9gicas para el desarrollo del estado.<\/p>\n<p>Procesos de e-Government, gobierno abierto y democracia participativa.<\/p>\n<h2>Municipal<\/h2>\n<p>Procesos de consulta social, a expertos, l\u00edderes de opini\u00f3n o grupos de inter\u00e9s para el desarrollo de planes, programas o proyectos vinculados al desarrollo econ\u00f3mico, social y humano; desarrollo de estrategias para la innovaci\u00f3n; identificaci\u00f3n de oportunidades para el desarrollo; articulaci\u00f3n sist\u00e9mica (transversal) de proyectos con alcance estrat\u00e9gico. An\u00e1lisis de situaciones problem\u00e1ticas complejas. Desarrollo de redes o ecosistemas de apoyo para proyectos estrat\u00e9gicos (locales, estatales, nacionales e internacionales).<\/p>\n<p>Procesos de e-Government, gobierno abierto y democracia participativa.<\/p>\n<p>&nbsp;<\/p>\n","protected":false},"excerpt":{"rendered":"<p>Federal Procesos de consulta social y a expertos para el desarrollo de planes, programas y\/o proyectos pertinentes al desarrollo econ\u00f3mico, social y humano. Procesos de e-Government, gobierno abierto y democracia participativa. Estatal Procesos de consulta social, a expertos, l\u00edderes de opini\u00f3n o grupos de inter\u00e9s para el desarrollo de planes, programas o proyectos vinculados al [&hellip;]<\/p>\n","protected":false},"author":2,"featured_media":527,"parent":31,"menu_order":0,"comment_status":"closed","ping_status":"closed","template":"","meta":{"footnotes":""},"class_list":["post-406","page","type-page","status-publish","has-post-thumbnail","hentry"],"yoast_head":"<!-- This site is optimized with the Yoast SEO plugin v27.3 - https:\/\/yoast.com\/product\/yoast-seo-wordpress\/ -->\n<title>\u00bfC\u00f3mo podemos ayuda a los Gobiernos? - Gnosis XXI<\/title>\n<meta name=\"description\" content=\"Con los procesos de consulta social a expertos, l\u00edderes de opini\u00f3n o grupos de inter\u00e9s para el desarrollo de planes, programas o proyectos.\" \/>\n<meta name=\"robots\" content=\"index, follow, max-snippet:-1, max-image-preview:large, max-video-preview:-1\" \/>\n<link rel=\"canonical\" href=\"https:\/\/www.gnosisxxi.mx\/es\/como-te-podemos-ayudar\/gobierno\/\" \/>\n<meta property=\"og:locale\" content=\"es_MX\" \/>\n<meta property=\"og:type\" content=\"article\" \/>\n<meta property=\"og:title\" content=\"\u00bfC\u00f3mo podemos ayuda a los Gobiernos? - Gnosis XXI\" \/>\n<meta property=\"og:description\" content=\"Con los procesos de consulta social a expertos, l\u00edderes de opini\u00f3n o grupos de inter\u00e9s para el desarrollo de planes, programas o proyectos.\" \/>\n<meta property=\"og:url\" content=\"https:\/\/www.gnosisxxi.mx\/es\/como-te-podemos-ayudar\/gobierno\/\" \/>\n<meta property=\"og:site_name\" content=\"Gnosis XXI\" \/>\n<meta property=\"article:modified_time\" content=\"2019-09-16T16:46:36+00:00\" \/>\n<meta property=\"og:image\" content=\"https:\/\/www.gnosisxxi.mx\/wp-content\/uploads\/2019\/08\/h-gobiernos.jpg\" \/>\n\t<meta property=\"og:image:width\" content=\"1920\" \/>\n\t<meta property=\"og:image:height\" content=\"300\" \/>\n\t<meta property=\"og:image:type\" content=\"image\/jpeg\" \/>\n<meta name=\"twitter:card\" content=\"summary_large_image\" \/>\n<meta name=\"twitter:label1\" content=\"Tiempo de lectura\" \/>\n\t<meta name=\"twitter:data1\" content=\"1 minuto\" \/>\n<script type=\"application\/ld+json\" class=\"yoast-schema-graph\">{\"@context\":\"https:\\\/\\\/schema.org\",\"@graph\":[{\"@type\":\"WebPage\",\"@id\":\"https:\\\/\\\/www.gnosisxxi.mx\\\/es\\\/como-te-podemos-ayudar\\\/gobierno\\\/\",\"url\":\"https:\\\/\\\/www.gnosisxxi.mx\\\/es\\\/como-te-podemos-ayudar\\\/gobierno\\\/\",\"name\":\"\u00bfC\u00f3mo podemos ayuda a los Gobiernos? - Gnosis XXI\",\"isPartOf\":{\"@id\":\"https:\\\/\\\/www.gnosisxxi.mx\\\/es\\\/#website\"},\"primaryImageOfPage\":{\"@id\":\"https:\\\/\\\/www.gnosisxxi.mx\\\/es\\\/como-te-podemos-ayudar\\\/gobierno\\\/#primaryimage\"},\"image\":{\"@id\":\"https:\\\/\\\/www.gnosisxxi.mx\\\/es\\\/como-te-podemos-ayudar\\\/gobierno\\\/#primaryimage\"},\"thumbnailUrl\":\"https:\\\/\\\/www.gnosisxxi.mx\\\/wp-content\\\/uploads\\\/2019\\\/08\\\/h-gobiernos.jpg\",\"datePublished\":\"2019-07-25T16:51:22+00:00\",\"dateModified\":\"2019-09-16T16:46:36+00:00\",\"description\":\"Con los procesos de consulta social a expertos, l\u00edderes de opini\u00f3n o grupos de inter\u00e9s para el desarrollo de planes, programas o proyectos.\",\"breadcrumb\":{\"@id\":\"https:\\\/\\\/www.gnosisxxi.mx\\\/es\\\/como-te-podemos-ayudar\\\/gobierno\\\/#breadcrumb\"},\"inLanguage\":\"es\",\"potentialAction\":[{\"@type\":\"ReadAction\",\"target\":[\"https:\\\/\\\/www.gnosisxxi.mx\\\/es\\\/como-te-podemos-ayudar\\\/gobierno\\\/\"]}]},{\"@type\":\"ImageObject\",\"inLanguage\":\"es\",\"@id\":\"https:\\\/\\\/www.gnosisxxi.mx\\\/es\\\/como-te-podemos-ayudar\\\/gobierno\\\/#primaryimage\",\"url\":\"https:\\\/\\\/www.gnosisxxi.mx\\\/wp-content\\\/uploads\\\/2019\\\/08\\\/h-gobiernos.jpg\",\"contentUrl\":\"https:\\\/\\\/www.gnosisxxi.mx\\\/wp-content\\\/uploads\\\/2019\\\/08\\\/h-gobiernos.jpg\",\"width\":1920,\"height\":300},{\"@type\":\"BreadcrumbList\",\"@id\":\"https:\\\/\\\/www.gnosisxxi.mx\\\/es\\\/como-te-podemos-ayudar\\\/gobierno\\\/#breadcrumb\",\"itemListElement\":[{\"@type\":\"ListItem\",\"position\":1,\"name\":\"Inicio\",\"item\":\"https:\\\/\\\/www.gnosisxxi.mx\\\/es\\\/\"},{\"@type\":\"ListItem\",\"position\":2,\"name\":\"\u00bfC\u00f3mo te podemos ayudar?\",\"item\":\"https:\\\/\\\/www.gnosisxxi.mx\\\/es\\\/como-te-podemos-ayudar\\\/\"},{\"@type\":\"ListItem\",\"position\":3,\"name\":\"Gobiernos\"}]},{\"@type\":\"WebSite\",\"@id\":\"https:\\\/\\\/www.gnosisxxi.mx\\\/es\\\/#website\",\"url\":\"https:\\\/\\\/www.gnosisxxi.mx\\\/es\\\/\",\"name\":\"Gnosis XXI\",\"description\":\"Gnosis XXI aplicando el conocimiento y construyendo redes de apoyo para acompa\u00f1ar a las empresas y gobiernos a lograr el \u00e9xito en su prop\u00f3sito con eficiencia y efectividad.\",\"potentialAction\":[{\"@type\":\"SearchAction\",\"target\":{\"@type\":\"EntryPoint\",\"urlTemplate\":\"https:\\\/\\\/www.gnosisxxi.mx\\\/es\\\/?s={search_term_string}\"},\"query-input\":{\"@type\":\"PropertyValueSpecification\",\"valueRequired\":true,\"valueName\":\"search_term_string\"}}],\"inLanguage\":\"es\"}]}<\/script>\n<!-- \/ Yoast SEO plugin. -->","yoast_head_json":{"title":"\u00bfC\u00f3mo podemos ayuda a los Gobiernos? - Gnosis XXI","description":"Con los procesos de consulta social a expertos, l\u00edderes de opini\u00f3n o grupos de inter\u00e9s para el desarrollo de planes, programas o proyectos.","robots":{"index":"index","follow":"follow","max-snippet":"max-snippet:-1","max-image-preview":"max-image-preview:large","max-video-preview":"max-video-preview:-1"},"canonical":"https:\/\/www.gnosisxxi.mx\/es\/como-te-podemos-ayudar\/gobierno\/","og_locale":"es_MX","og_type":"article","og_title":"\u00bfC\u00f3mo podemos ayuda a los Gobiernos? - Gnosis XXI","og_description":"Con los procesos de consulta social a expertos, l\u00edderes de opini\u00f3n o grupos de inter\u00e9s para el desarrollo de planes, programas o proyectos.","og_url":"https:\/\/www.gnosisxxi.mx\/es\/como-te-podemos-ayudar\/gobierno\/","og_site_name":"Gnosis XXI","article_modified_time":"2019-09-16T16:46:36+00:00","og_image":[{"width":1920,"height":300,"url":"https:\/\/www.gnosisxxi.mx\/wp-content\/uploads\/2019\/08\/h-gobiernos.jpg","type":"image\/jpeg"}],"twitter_card":"summary_large_image","twitter_misc":{"Tiempo de lectura":"1 minuto"},"schema":{"@context":"https:\/\/schema.org","@graph":[{"@type":"WebPage","@id":"https:\/\/www.gnosisxxi.mx\/es\/como-te-podemos-ayudar\/gobierno\/","url":"https:\/\/www.gnosisxxi.mx\/es\/como-te-podemos-ayudar\/gobierno\/","name":"\u00bfC\u00f3mo podemos ayuda a los Gobiernos? - Gnosis XXI","isPartOf":{"@id":"https:\/\/www.gnosisxxi.mx\/es\/#website"},"primaryImageOfPage":{"@id":"https:\/\/www.gnosisxxi.mx\/es\/como-te-podemos-ayudar\/gobierno\/#primaryimage"},"image":{"@id":"https:\/\/www.gnosisxxi.mx\/es\/como-te-podemos-ayudar\/gobierno\/#primaryimage"},"thumbnailUrl":"https:\/\/www.gnosisxxi.mx\/wp-content\/uploads\/2019\/08\/h-gobiernos.jpg","datePublished":"2019-07-25T16:51:22+00:00","dateModified":"2019-09-16T16:46:36+00:00","description":"Con los procesos de consulta social a expertos, l\u00edderes de opini\u00f3n o grupos de inter\u00e9s para el desarrollo de planes, programas o proyectos.","breadcrumb":{"@id":"https:\/\/www.gnosisxxi.mx\/es\/como-te-podemos-ayudar\/gobierno\/#breadcrumb"},"inLanguage":"es","potentialAction":[{"@type":"ReadAction","target":["https:\/\/www.gnosisxxi.mx\/es\/como-te-podemos-ayudar\/gobierno\/"]}]},{"@type":"ImageObject","inLanguage":"es","@id":"https:\/\/www.gnosisxxi.mx\/es\/como-te-podemos-ayudar\/gobierno\/#primaryimage","url":"https:\/\/www.gnosisxxi.mx\/wp-content\/uploads\/2019\/08\/h-gobiernos.jpg","contentUrl":"https:\/\/www.gnosisxxi.mx\/wp-content\/uploads\/2019\/08\/h-gobiernos.jpg","width":1920,"height":300},{"@type":"BreadcrumbList","@id":"https:\/\/www.gnosisxxi.mx\/es\/como-te-podemos-ayudar\/gobierno\/#breadcrumb","itemListElement":[{"@type":"ListItem","position":1,"name":"Inicio","item":"https:\/\/www.gnosisxxi.mx\/es\/"},{"@type":"ListItem","position":2,"name":"\u00bfC\u00f3mo te podemos ayudar?","item":"https:\/\/www.gnosisxxi.mx\/es\/como-te-podemos-ayudar\/"},{"@type":"ListItem","position":3,"name":"Gobiernos"}]},{"@type":"WebSite","@id":"https:\/\/www.gnosisxxi.mx\/es\/#website","url":"https:\/\/www.gnosisxxi.mx\/es\/","name":"Gnosis XXI","description":"Gnosis XXI aplicando el conocimiento y construyendo redes de apoyo para acompa\u00f1ar a las empresas y gobiernos a lograr el \u00e9xito en su prop\u00f3sito con eficiencia y efectividad.","potentialAction":[{"@type":"SearchAction","target":{"@type":"EntryPoint","urlTemplate":"https:\/\/www.gnosisxxi.mx\/es\/?s={search_term_string}"},"query-input":{"@type":"PropertyValueSpecification","valueRequired":true,"valueName":"search_term_string"}}],"inLanguage":"es"}]}},"_links":{"self":[{"href":"https:\/\/www.gnosisxxi.mx\/es\/wp-json\/wp\/v2\/pages\/406","targetHints":{"allow":["GET"]}}],"collection":[{"href":"https:\/\/www.gnosisxxi.mx\/es\/wp-json\/wp\/v2\/pages"}],"about":[{"href":"https:\/\/www.gnosisxxi.mx\/es\/wp-json\/wp\/v2\/types\/page"}],"author":[{"embeddable":true,"href":"https:\/\/www.gnosisxxi.mx\/es\/wp-json\/wp\/v2\/users\/2"}],"replies":[{"embeddable":true,"href":"https:\/\/www.gnosisxxi.mx\/es\/wp-json\/wp\/v2\/comments?post=406"}],"version-history":[{"count":6,"href":"https:\/\/www.gnosisxxi.mx\/es\/wp-json\/wp\/v2\/pages\/406\/revisions"}],"predecessor-version":[{"id":531,"href":"https:\/\/www.gnosisxxi.mx\/es\/wp-json\/wp\/v2\/pages\/406\/revisions\/531"}],"up":[{"embeddable":true,"href":"https:\/\/www.gnosisxxi.mx\/es\/wp-json\/wp\/v2\/pages\/31"}],"wp:featuredmedia":[{"embeddable":true,"href":"https:\/\/www.gnosisxxi.mx\/es\/wp-json\/wp\/v2\/media\/527"}],"wp:attachment":[{"href":"https:\/\/www.gnosisxxi.mx\/es\/wp-json\/wp\/v2\/media?parent=406"}],"curies":[{"name":"wp","href":"https:\/\/api.w.org\/{rel}","templated":true}]}}