{"id":404,"date":"2019-07-25T11:51:08","date_gmt":"2019-07-25T16:51:08","guid":{"rendered":"http:\/\/www.gnosisxxi.mx\/?page_id=404"},"modified":"2019-09-16T11:42:58","modified_gmt":"2019-09-16T16:42:58","slug":"empresas","status":"publish","type":"page","link":"https:\/\/www.gnosisxxi.mx\/es\/como-te-podemos-ayudar\/empresas\/","title":{"rendered":"Empresas"},"content":{"rendered":"<h2>PyMES<\/h2>\n<p>Procesos de mejora y transformaci\u00f3n basados en la planeaci\u00f3n estrat\u00e9gica y el enfoque en la generaci\u00f3n de valor para el cliente a trav\u00e9s de la toma de decisiones efectiva; la transformaci\u00f3n digital, desarrollo y alineamiento tecnol\u00f3gico; establecimientos de m\u00e9tricas a trav\u00e9s de la anal\u00edtica; todo dirigido a generar el prestigio y posicionamiento que impacta en la rentabilidad de las empresas.<\/p>\n<h2>Corporaciones<\/h2>\n<p>Procesos de facilitaci\u00f3n para el desarrollo de procesos de planeaci\u00f3n y cambio. Desarrollo de estrategias y programas para la generaci\u00f3n de nuevos negocios (Startups o Spin-offs) utilizando las capacidades y competencias de la corporaci\u00f3n y de las redes de innovaci\u00f3n y emprendimiento pertinentes. Generaci\u00f3n de redes de colaboraci\u00f3n para el desarrollo tecnol\u00f3gico y la innovaci\u00f3n.<\/p>\n<h2>Empresas extranjeras<\/h2>\n<p>Apoyo para su operaci\u00f3n en M\u00e9xico;\u00a0 construcci\u00f3n de su red de contactos; misiones comerciales; socios en la entrega de servicios de consultor\u00eda en M\u00e9xico; socios en el desarrollo y ejecuci\u00f3n de proyectos.<\/p>\n","protected":false},"excerpt":{"rendered":"<p>PyMES Procesos de mejora y transformaci\u00f3n basados en la planeaci\u00f3n estrat\u00e9gica y el enfoque en la generaci\u00f3n de valor para el cliente a trav\u00e9s de la toma de decisiones efectiva; la transformaci\u00f3n digital, desarrollo y alineamiento tecnol\u00f3gico; establecimientos de m\u00e9tricas a trav\u00e9s de la anal\u00edtica; todo dirigido a generar el prestigio y posicionamiento que impacta [&hellip;]<\/p>\n","protected":false},"author":2,"featured_media":521,"parent":31,"menu_order":0,"comment_status":"closed","ping_status":"closed","template":"","meta":{"footnotes":""},"class_list":["post-404","page","type-page","status-publish","has-post-thumbnail","hentry"],"yoast_head":"<!-- This site is optimized with the Yoast SEO plugin v27.3 - https:\/\/yoast.com\/product\/yoast-seo-wordpress\/ -->\n<title>\u00bfC\u00f3mo podemos ayudar a las Empresas? - Gnosis XXI<\/title>\n<meta name=\"description\" content=\"Con procesos de mejora y transformaci\u00f3n basados en planeaci\u00f3n estrat\u00e9gica y el enfoque en la generaci\u00f3n de valor para el cliente con la toma de decisiones.\" \/>\n<meta name=\"robots\" content=\"index, follow, max-snippet:-1, max-image-preview:large, max-video-preview:-1\" \/>\n<link rel=\"canonical\" href=\"https:\/\/www.gnosisxxi.mx\/es\/como-te-podemos-ayudar\/empresas\/\" \/>\n<meta property=\"og:locale\" content=\"es_MX\" \/>\n<meta property=\"og:type\" content=\"article\" \/>\n<meta property=\"og:title\" content=\"\u00bfC\u00f3mo podemos ayudar a las Empresas? - Gnosis XXI\" \/>\n<meta property=\"og:description\" content=\"Con procesos de mejora y transformaci\u00f3n basados en planeaci\u00f3n estrat\u00e9gica y el enfoque en la generaci\u00f3n de valor para el cliente con la toma de decisiones.\" \/>\n<meta property=\"og:url\" content=\"https:\/\/www.gnosisxxi.mx\/es\/como-te-podemos-ayudar\/empresas\/\" \/>\n<meta property=\"og:site_name\" content=\"Gnosis XXI\" \/>\n<meta property=\"article:modified_time\" content=\"2019-09-16T16:42:58+00:00\" \/>\n<meta property=\"og:image\" content=\"https:\/\/www.gnosisxxi.mx\/wp-content\/uploads\/2019\/08\/h-empresas.jpg\" \/>\n\t<meta property=\"og:image:width\" content=\"1920\" \/>\n\t<meta property=\"og:image:height\" content=\"300\" \/>\n\t<meta property=\"og:image:type\" content=\"image\/jpeg\" \/>\n<meta name=\"twitter:card\" content=\"summary_large_image\" \/>\n<meta name=\"twitter:label1\" content=\"Tiempo de lectura\" \/>\n\t<meta name=\"twitter:data1\" content=\"1 minuto\" \/>\n<script type=\"application\/ld+json\" class=\"yoast-schema-graph\">{\"@context\":\"https:\\\/\\\/schema.org\",\"@graph\":[{\"@type\":\"WebPage\",\"@id\":\"https:\\\/\\\/www.gnosisxxi.mx\\\/es\\\/como-te-podemos-ayudar\\\/empresas\\\/\",\"url\":\"https:\\\/\\\/www.gnosisxxi.mx\\\/es\\\/como-te-podemos-ayudar\\\/empresas\\\/\",\"name\":\"\u00bfC\u00f3mo podemos ayudar a las Empresas? - Gnosis XXI\",\"isPartOf\":{\"@id\":\"https:\\\/\\\/www.gnosisxxi.mx\\\/es\\\/#website\"},\"primaryImageOfPage\":{\"@id\":\"https:\\\/\\\/www.gnosisxxi.mx\\\/es\\\/como-te-podemos-ayudar\\\/empresas\\\/#primaryimage\"},\"image\":{\"@id\":\"https:\\\/\\\/www.gnosisxxi.mx\\\/es\\\/como-te-podemos-ayudar\\\/empresas\\\/#primaryimage\"},\"thumbnailUrl\":\"https:\\\/\\\/www.gnosisxxi.mx\\\/wp-content\\\/uploads\\\/2019\\\/08\\\/h-empresas.jpg\",\"datePublished\":\"2019-07-25T16:51:08+00:00\",\"dateModified\":\"2019-09-16T16:42:58+00:00\",\"description\":\"Con procesos de mejora y transformaci\u00f3n basados en planeaci\u00f3n estrat\u00e9gica y el enfoque en la generaci\u00f3n de valor para el cliente con la toma de decisiones.\",\"breadcrumb\":{\"@id\":\"https:\\\/\\\/www.gnosisxxi.mx\\\/es\\\/como-te-podemos-ayudar\\\/empresas\\\/#breadcrumb\"},\"inLanguage\":\"es\",\"potentialAction\":[{\"@type\":\"ReadAction\",\"target\":[\"https:\\\/\\\/www.gnosisxxi.mx\\\/es\\\/como-te-podemos-ayudar\\\/empresas\\\/\"]}]},{\"@type\":\"ImageObject\",\"inLanguage\":\"es\",\"@id\":\"https:\\\/\\\/www.gnosisxxi.mx\\\/es\\\/como-te-podemos-ayudar\\\/empresas\\\/#primaryimage\",\"url\":\"https:\\\/\\\/www.gnosisxxi.mx\\\/wp-content\\\/uploads\\\/2019\\\/08\\\/h-empresas.jpg\",\"contentUrl\":\"https:\\\/\\\/www.gnosisxxi.mx\\\/wp-content\\\/uploads\\\/2019\\\/08\\\/h-empresas.jpg\",\"width\":1920,\"height\":300},{\"@type\":\"BreadcrumbList\",\"@id\":\"https:\\\/\\\/www.gnosisxxi.mx\\\/es\\\/como-te-podemos-ayudar\\\/empresas\\\/#breadcrumb\",\"itemListElement\":[{\"@type\":\"ListItem\",\"position\":1,\"name\":\"Inicio\",\"item\":\"https:\\\/\\\/www.gnosisxxi.mx\\\/es\\\/\"},{\"@type\":\"ListItem\",\"position\":2,\"name\":\"\u00bfC\u00f3mo te podemos ayudar?\",\"item\":\"https:\\\/\\\/www.gnosisxxi.mx\\\/es\\\/como-te-podemos-ayudar\\\/\"},{\"@type\":\"ListItem\",\"position\":3,\"name\":\"Empresas\"}]},{\"@type\":\"WebSite\",\"@id\":\"https:\\\/\\\/www.gnosisxxi.mx\\\/es\\\/#website\",\"url\":\"https:\\\/\\\/www.gnosisxxi.mx\\\/es\\\/\",\"name\":\"Gnosis XXI\",\"description\":\"Gnosis XXI aplicando el conocimiento y construyendo redes de apoyo para acompa\u00f1ar a las empresas y gobiernos a lograr el \u00e9xito en su prop\u00f3sito con eficiencia y efectividad.\",\"potentialAction\":[{\"@type\":\"SearchAction\",\"target\":{\"@type\":\"EntryPoint\",\"urlTemplate\":\"https:\\\/\\\/www.gnosisxxi.mx\\\/es\\\/?s={search_term_string}\"},\"query-input\":{\"@type\":\"PropertyValueSpecification\",\"valueRequired\":true,\"valueName\":\"search_term_string\"}}],\"inLanguage\":\"es\"}]}<\/script>\n<!-- \/ Yoast SEO plugin. -->","yoast_head_json":{"title":"\u00bfC\u00f3mo podemos ayudar a las Empresas? - Gnosis XXI","description":"Con procesos de mejora y transformaci\u00f3n basados en planeaci\u00f3n estrat\u00e9gica y el enfoque en la generaci\u00f3n de valor para el cliente con la toma de decisiones.","robots":{"index":"index","follow":"follow","max-snippet":"max-snippet:-1","max-image-preview":"max-image-preview:large","max-video-preview":"max-video-preview:-1"},"canonical":"https:\/\/www.gnosisxxi.mx\/es\/como-te-podemos-ayudar\/empresas\/","og_locale":"es_MX","og_type":"article","og_title":"\u00bfC\u00f3mo podemos ayudar a las Empresas? - Gnosis XXI","og_description":"Con procesos de mejora y transformaci\u00f3n basados en planeaci\u00f3n estrat\u00e9gica y el enfoque en la generaci\u00f3n de valor para el cliente con la toma de decisiones.","og_url":"https:\/\/www.gnosisxxi.mx\/es\/como-te-podemos-ayudar\/empresas\/","og_site_name":"Gnosis XXI","article_modified_time":"2019-09-16T16:42:58+00:00","og_image":[{"width":1920,"height":300,"url":"https:\/\/www.gnosisxxi.mx\/wp-content\/uploads\/2019\/08\/h-empresas.jpg","type":"image\/jpeg"}],"twitter_card":"summary_large_image","twitter_misc":{"Tiempo de lectura":"1 minuto"},"schema":{"@context":"https:\/\/schema.org","@graph":[{"@type":"WebPage","@id":"https:\/\/www.gnosisxxi.mx\/es\/como-te-podemos-ayudar\/empresas\/","url":"https:\/\/www.gnosisxxi.mx\/es\/como-te-podemos-ayudar\/empresas\/","name":"\u00bfC\u00f3mo podemos ayudar a las Empresas? - Gnosis XXI","isPartOf":{"@id":"https:\/\/www.gnosisxxi.mx\/es\/#website"},"primaryImageOfPage":{"@id":"https:\/\/www.gnosisxxi.mx\/es\/como-te-podemos-ayudar\/empresas\/#primaryimage"},"image":{"@id":"https:\/\/www.gnosisxxi.mx\/es\/como-te-podemos-ayudar\/empresas\/#primaryimage"},"thumbnailUrl":"https:\/\/www.gnosisxxi.mx\/wp-content\/uploads\/2019\/08\/h-empresas.jpg","datePublished":"2019-07-25T16:51:08+00:00","dateModified":"2019-09-16T16:42:58+00:00","description":"Con procesos de mejora y transformaci\u00f3n basados en planeaci\u00f3n estrat\u00e9gica y el enfoque en la generaci\u00f3n de valor para el cliente con la toma de decisiones.","breadcrumb":{"@id":"https:\/\/www.gnosisxxi.mx\/es\/como-te-podemos-ayudar\/empresas\/#breadcrumb"},"inLanguage":"es","potentialAction":[{"@type":"ReadAction","target":["https:\/\/www.gnosisxxi.mx\/es\/como-te-podemos-ayudar\/empresas\/"]}]},{"@type":"ImageObject","inLanguage":"es","@id":"https:\/\/www.gnosisxxi.mx\/es\/como-te-podemos-ayudar\/empresas\/#primaryimage","url":"https:\/\/www.gnosisxxi.mx\/wp-content\/uploads\/2019\/08\/h-empresas.jpg","contentUrl":"https:\/\/www.gnosisxxi.mx\/wp-content\/uploads\/2019\/08\/h-empresas.jpg","width":1920,"height":300},{"@type":"BreadcrumbList","@id":"https:\/\/www.gnosisxxi.mx\/es\/como-te-podemos-ayudar\/empresas\/#breadcrumb","itemListElement":[{"@type":"ListItem","position":1,"name":"Inicio","item":"https:\/\/www.gnosisxxi.mx\/es\/"},{"@type":"ListItem","position":2,"name":"\u00bfC\u00f3mo te podemos ayudar?","item":"https:\/\/www.gnosisxxi.mx\/es\/como-te-podemos-ayudar\/"},{"@type":"ListItem","position":3,"name":"Empresas"}]},{"@type":"WebSite","@id":"https:\/\/www.gnosisxxi.mx\/es\/#website","url":"https:\/\/www.gnosisxxi.mx\/es\/","name":"Gnosis XXI","description":"Gnosis XXI aplicando el conocimiento y construyendo redes de apoyo para acompa\u00f1ar a las empresas y gobiernos a lograr el \u00e9xito en su prop\u00f3sito con eficiencia y efectividad.","potentialAction":[{"@type":"SearchAction","target":{"@type":"EntryPoint","urlTemplate":"https:\/\/www.gnosisxxi.mx\/es\/?s={search_term_string}"},"query-input":{"@type":"PropertyValueSpecification","valueRequired":true,"valueName":"search_term_string"}}],"inLanguage":"es"}]}},"_links":{"self":[{"href":"https:\/\/www.gnosisxxi.mx\/es\/wp-json\/wp\/v2\/pages\/404","targetHints":{"allow":["GET"]}}],"collection":[{"href":"https:\/\/www.gnosisxxi.mx\/es\/wp-json\/wp\/v2\/pages"}],"about":[{"href":"https:\/\/www.gnosisxxi.mx\/es\/wp-json\/wp\/v2\/types\/page"}],"author":[{"embeddable":true,"href":"https:\/\/www.gnosisxxi.mx\/es\/wp-json\/wp\/v2\/users\/2"}],"replies":[{"embeddable":true,"href":"https:\/\/www.gnosisxxi.mx\/es\/wp-json\/wp\/v2\/comments?post=404"}],"version-history":[{"count":9,"href":"https:\/\/www.gnosisxxi.mx\/es\/wp-json\/wp\/v2\/pages\/404\/revisions"}],"predecessor-version":[{"id":569,"href":"https:\/\/www.gnosisxxi.mx\/es\/wp-json\/wp\/v2\/pages\/404\/revisions\/569"}],"up":[{"embeddable":true,"href":"https:\/\/www.gnosisxxi.mx\/es\/wp-json\/wp\/v2\/pages\/31"}],"wp:featuredmedia":[{"embeddable":true,"href":"https:\/\/www.gnosisxxi.mx\/es\/wp-json\/wp\/v2\/media\/521"}],"wp:attachment":[{"href":"https:\/\/www.gnosisxxi.mx\/es\/wp-json\/wp\/v2\/media?parent=404"}],"curies":[{"name":"wp","href":"https:\/\/api.w.org\/{rel}","templated":true}]}}