{"id":402,"date":"2019-07-25T11:50:45","date_gmt":"2019-07-25T16:50:45","guid":{"rendered":"http:\/\/www.gnosisxxi.mx\/?page_id=402"},"modified":"2019-09-16T11:35:34","modified_gmt":"2019-09-16T16:35:34","slug":"universidades","status":"publish","type":"page","link":"https:\/\/www.gnosisxxi.mx\/es\/como-te-podemos-ayudar\/universidades\/","title":{"rendered":"Universidades"},"content":{"rendered":"<h2><strong>Apoyo al cumplimiento de su triple misi\u00f3n:<\/strong><\/h2>\n<ul>\n<li>Educaci\u00f3n, generaci\u00f3n de conocimiento (investigaci\u00f3n), emprendimiento y\/o transferencia del conocimiento.<\/li>\n<\/ul>\n<h2><strong>Colaboraci\u00f3n en proyectos de extensi\u00f3n universitaria<\/strong>:<\/h2>\n<ul>\n<li>in-company: talleres, proyecto, seminarios, workshops, etc.<\/li>\n<\/ul>\n<h2><strong>Vinculaci\u00f3n de estudiantes<\/strong>:<\/h2>\n<ul>\n<li>Programa Chevening UK<\/li>\n<\/ul>\n","protected":false},"excerpt":{"rendered":"<p>Apoyo al cumplimiento de su triple misi\u00f3n: Educaci\u00f3n, generaci\u00f3n de conocimiento (investigaci\u00f3n), emprendimiento y\/o transferencia del conocimiento. Colaboraci\u00f3n en proyectos de extensi\u00f3n universitaria: in-company: talleres, proyecto, seminarios, workshops, etc. Vinculaci\u00f3n de estudiantes: Programa Chevening UK<\/p>\n","protected":false},"author":2,"featured_media":513,"parent":31,"menu_order":0,"comment_status":"closed","ping_status":"closed","template":"","meta":{"footnotes":""},"class_list":["post-402","page","type-page","status-publish","has-post-thumbnail","hentry"],"yoast_head":"<!-- This site is optimized with the Yoast SEO plugin v27.3 - https:\/\/yoast.com\/product\/yoast-seo-wordpress\/ -->\n<title>\u00bfC\u00f3mo podemos ayudar a las Universidades? - Gnosis XXI<\/title>\n<meta name=\"description\" content=\"Apoyamos al cumplimiento de su triple misi\u00f3n: Educaci\u00f3n, generaci\u00f3n de conocimiento (investigaci\u00f3n), emprendimiento y\/o transferencia del conocimiento. Colaboraci\u00f3n en proyectos de extensi\u00f3n universitaria:in-company: talleres, proyecto, seminarios, workshops, etc.\" \/>\n<meta name=\"robots\" content=\"index, follow, max-snippet:-1, max-image-preview:large, max-video-preview:-1\" \/>\n<link rel=\"canonical\" href=\"https:\/\/www.gnosisxxi.mx\/es\/como-te-podemos-ayudar\/universidades\/\" \/>\n<meta property=\"og:locale\" content=\"es_MX\" \/>\n<meta property=\"og:type\" content=\"article\" \/>\n<meta property=\"og:title\" content=\"\u00bfC\u00f3mo podemos ayudar a las Universidades? - Gnosis XXI\" \/>\n<meta property=\"og:description\" content=\"Apoyamos al cumplimiento de su triple misi\u00f3n: Educaci\u00f3n, generaci\u00f3n de conocimiento (investigaci\u00f3n), emprendimiento y\/o transferencia del conocimiento. Colaboraci\u00f3n en proyectos de extensi\u00f3n universitaria:in-company: talleres, proyecto, seminarios, workshops, etc.\" \/>\n<meta property=\"og:url\" content=\"https:\/\/www.gnosisxxi.mx\/es\/como-te-podemos-ayudar\/universidades\/\" \/>\n<meta property=\"og:site_name\" content=\"Gnosis XXI\" \/>\n<meta property=\"article:modified_time\" content=\"2019-09-16T16:35:34+00:00\" \/>\n<meta property=\"og:image\" content=\"https:\/\/www.gnosisxxi.mx\/wp-content\/uploads\/2019\/08\/h-universities-book-tablet.jpg\" \/>\n\t<meta property=\"og:image:width\" content=\"1920\" \/>\n\t<meta property=\"og:image:height\" content=\"300\" \/>\n\t<meta property=\"og:image:type\" content=\"image\/jpeg\" \/>\n<meta name=\"twitter:card\" content=\"summary_large_image\" \/>\n<script type=\"application\/ld+json\" class=\"yoast-schema-graph\">{\"@context\":\"https:\\\/\\\/schema.org\",\"@graph\":[{\"@type\":\"WebPage\",\"@id\":\"https:\\\/\\\/www.gnosisxxi.mx\\\/es\\\/como-te-podemos-ayudar\\\/universidades\\\/\",\"url\":\"https:\\\/\\\/www.gnosisxxi.mx\\\/es\\\/como-te-podemos-ayudar\\\/universidades\\\/\",\"name\":\"\u00bfC\u00f3mo podemos ayudar a las Universidades? - Gnosis XXI\",\"isPartOf\":{\"@id\":\"https:\\\/\\\/www.gnosisxxi.mx\\\/es\\\/#website\"},\"primaryImageOfPage\":{\"@id\":\"https:\\\/\\\/www.gnosisxxi.mx\\\/es\\\/como-te-podemos-ayudar\\\/universidades\\\/#primaryimage\"},\"image\":{\"@id\":\"https:\\\/\\\/www.gnosisxxi.mx\\\/es\\\/como-te-podemos-ayudar\\\/universidades\\\/#primaryimage\"},\"thumbnailUrl\":\"https:\\\/\\\/www.gnosisxxi.mx\\\/wp-content\\\/uploads\\\/2019\\\/08\\\/h-universities-book-tablet.jpg\",\"datePublished\":\"2019-07-25T16:50:45+00:00\",\"dateModified\":\"2019-09-16T16:35:34+00:00\",\"description\":\"Apoyamos al cumplimiento de su triple misi\u00f3n: Educaci\u00f3n, generaci\u00f3n de conocimiento (investigaci\u00f3n), emprendimiento y\\\/o transferencia del conocimiento. Colaboraci\u00f3n en proyectos de extensi\u00f3n universitaria:in-company: talleres, proyecto, seminarios, workshops, etc.\",\"breadcrumb\":{\"@id\":\"https:\\\/\\\/www.gnosisxxi.mx\\\/es\\\/como-te-podemos-ayudar\\\/universidades\\\/#breadcrumb\"},\"inLanguage\":\"es\",\"potentialAction\":[{\"@type\":\"ReadAction\",\"target\":[\"https:\\\/\\\/www.gnosisxxi.mx\\\/es\\\/como-te-podemos-ayudar\\\/universidades\\\/\"]}]},{\"@type\":\"ImageObject\",\"inLanguage\":\"es\",\"@id\":\"https:\\\/\\\/www.gnosisxxi.mx\\\/es\\\/como-te-podemos-ayudar\\\/universidades\\\/#primaryimage\",\"url\":\"https:\\\/\\\/www.gnosisxxi.mx\\\/wp-content\\\/uploads\\\/2019\\\/08\\\/h-universities-book-tablet.jpg\",\"contentUrl\":\"https:\\\/\\\/www.gnosisxxi.mx\\\/wp-content\\\/uploads\\\/2019\\\/08\\\/h-universities-book-tablet.jpg\",\"width\":1920,\"height\":300},{\"@type\":\"BreadcrumbList\",\"@id\":\"https:\\\/\\\/www.gnosisxxi.mx\\\/es\\\/como-te-podemos-ayudar\\\/universidades\\\/#breadcrumb\",\"itemListElement\":[{\"@type\":\"ListItem\",\"position\":1,\"name\":\"Inicio\",\"item\":\"https:\\\/\\\/www.gnosisxxi.mx\\\/es\\\/\"},{\"@type\":\"ListItem\",\"position\":2,\"name\":\"\u00bfC\u00f3mo te podemos ayudar?\",\"item\":\"https:\\\/\\\/www.gnosisxxi.mx\\\/es\\\/como-te-podemos-ayudar\\\/\"},{\"@type\":\"ListItem\",\"position\":3,\"name\":\"Universidades\"}]},{\"@type\":\"WebSite\",\"@id\":\"https:\\\/\\\/www.gnosisxxi.mx\\\/es\\\/#website\",\"url\":\"https:\\\/\\\/www.gnosisxxi.mx\\\/es\\\/\",\"name\":\"Gnosis XXI\",\"description\":\"Gnosis XXI aplicando el conocimiento y construyendo redes de apoyo para acompa\u00f1ar a las empresas y gobiernos a lograr el \u00e9xito en su prop\u00f3sito con eficiencia y efectividad.\",\"potentialAction\":[{\"@type\":\"SearchAction\",\"target\":{\"@type\":\"EntryPoint\",\"urlTemplate\":\"https:\\\/\\\/www.gnosisxxi.mx\\\/es\\\/?s={search_term_string}\"},\"query-input\":{\"@type\":\"PropertyValueSpecification\",\"valueRequired\":true,\"valueName\":\"search_term_string\"}}],\"inLanguage\":\"es\"}]}<\/script>\n<!-- \/ Yoast SEO plugin. -->","yoast_head_json":{"title":"\u00bfC\u00f3mo podemos ayudar a las Universidades? - Gnosis XXI","description":"Apoyamos al cumplimiento de su triple misi\u00f3n: Educaci\u00f3n, generaci\u00f3n de conocimiento (investigaci\u00f3n), emprendimiento y\/o transferencia del conocimiento. Colaboraci\u00f3n en proyectos de extensi\u00f3n universitaria:in-company: talleres, proyecto, seminarios, workshops, etc.","robots":{"index":"index","follow":"follow","max-snippet":"max-snippet:-1","max-image-preview":"max-image-preview:large","max-video-preview":"max-video-preview:-1"},"canonical":"https:\/\/www.gnosisxxi.mx\/es\/como-te-podemos-ayudar\/universidades\/","og_locale":"es_MX","og_type":"article","og_title":"\u00bfC\u00f3mo podemos ayudar a las Universidades? - Gnosis XXI","og_description":"Apoyamos al cumplimiento de su triple misi\u00f3n: Educaci\u00f3n, generaci\u00f3n de conocimiento (investigaci\u00f3n), emprendimiento y\/o transferencia del conocimiento. Colaboraci\u00f3n en proyectos de extensi\u00f3n universitaria:in-company: talleres, proyecto, seminarios, workshops, etc.","og_url":"https:\/\/www.gnosisxxi.mx\/es\/como-te-podemos-ayudar\/universidades\/","og_site_name":"Gnosis XXI","article_modified_time":"2019-09-16T16:35:34+00:00","og_image":[{"width":1920,"height":300,"url":"https:\/\/www.gnosisxxi.mx\/wp-content\/uploads\/2019\/08\/h-universities-book-tablet.jpg","type":"image\/jpeg"}],"twitter_card":"summary_large_image","schema":{"@context":"https:\/\/schema.org","@graph":[{"@type":"WebPage","@id":"https:\/\/www.gnosisxxi.mx\/es\/como-te-podemos-ayudar\/universidades\/","url":"https:\/\/www.gnosisxxi.mx\/es\/como-te-podemos-ayudar\/universidades\/","name":"\u00bfC\u00f3mo podemos ayudar a las Universidades? - Gnosis XXI","isPartOf":{"@id":"https:\/\/www.gnosisxxi.mx\/es\/#website"},"primaryImageOfPage":{"@id":"https:\/\/www.gnosisxxi.mx\/es\/como-te-podemos-ayudar\/universidades\/#primaryimage"},"image":{"@id":"https:\/\/www.gnosisxxi.mx\/es\/como-te-podemos-ayudar\/universidades\/#primaryimage"},"thumbnailUrl":"https:\/\/www.gnosisxxi.mx\/wp-content\/uploads\/2019\/08\/h-universities-book-tablet.jpg","datePublished":"2019-07-25T16:50:45+00:00","dateModified":"2019-09-16T16:35:34+00:00","description":"Apoyamos al cumplimiento de su triple misi\u00f3n: Educaci\u00f3n, generaci\u00f3n de conocimiento (investigaci\u00f3n), emprendimiento y\/o transferencia del conocimiento. Colaboraci\u00f3n en proyectos de extensi\u00f3n universitaria:in-company: talleres, proyecto, seminarios, workshops, etc.","breadcrumb":{"@id":"https:\/\/www.gnosisxxi.mx\/es\/como-te-podemos-ayudar\/universidades\/#breadcrumb"},"inLanguage":"es","potentialAction":[{"@type":"ReadAction","target":["https:\/\/www.gnosisxxi.mx\/es\/como-te-podemos-ayudar\/universidades\/"]}]},{"@type":"ImageObject","inLanguage":"es","@id":"https:\/\/www.gnosisxxi.mx\/es\/como-te-podemos-ayudar\/universidades\/#primaryimage","url":"https:\/\/www.gnosisxxi.mx\/wp-content\/uploads\/2019\/08\/h-universities-book-tablet.jpg","contentUrl":"https:\/\/www.gnosisxxi.mx\/wp-content\/uploads\/2019\/08\/h-universities-book-tablet.jpg","width":1920,"height":300},{"@type":"BreadcrumbList","@id":"https:\/\/www.gnosisxxi.mx\/es\/como-te-podemos-ayudar\/universidades\/#breadcrumb","itemListElement":[{"@type":"ListItem","position":1,"name":"Inicio","item":"https:\/\/www.gnosisxxi.mx\/es\/"},{"@type":"ListItem","position":2,"name":"\u00bfC\u00f3mo te podemos ayudar?","item":"https:\/\/www.gnosisxxi.mx\/es\/como-te-podemos-ayudar\/"},{"@type":"ListItem","position":3,"name":"Universidades"}]},{"@type":"WebSite","@id":"https:\/\/www.gnosisxxi.mx\/es\/#website","url":"https:\/\/www.gnosisxxi.mx\/es\/","name":"Gnosis XXI","description":"Gnosis XXI aplicando el conocimiento y construyendo redes de apoyo para acompa\u00f1ar a las empresas y gobiernos a lograr el \u00e9xito en su prop\u00f3sito con eficiencia y efectividad.","potentialAction":[{"@type":"SearchAction","target":{"@type":"EntryPoint","urlTemplate":"https:\/\/www.gnosisxxi.mx\/es\/?s={search_term_string}"},"query-input":{"@type":"PropertyValueSpecification","valueRequired":true,"valueName":"search_term_string"}}],"inLanguage":"es"}]}},"_links":{"self":[{"href":"https:\/\/www.gnosisxxi.mx\/es\/wp-json\/wp\/v2\/pages\/402","targetHints":{"allow":["GET"]}}],"collection":[{"href":"https:\/\/www.gnosisxxi.mx\/es\/wp-json\/wp\/v2\/pages"}],"about":[{"href":"https:\/\/www.gnosisxxi.mx\/es\/wp-json\/wp\/v2\/types\/page"}],"author":[{"embeddable":true,"href":"https:\/\/www.gnosisxxi.mx\/es\/wp-json\/wp\/v2\/users\/2"}],"replies":[{"embeddable":true,"href":"https:\/\/www.gnosisxxi.mx\/es\/wp-json\/wp\/v2\/comments?post=402"}],"version-history":[{"count":8,"href":"https:\/\/www.gnosisxxi.mx\/es\/wp-json\/wp\/v2\/pages\/402\/revisions"}],"predecessor-version":[{"id":564,"href":"https:\/\/www.gnosisxxi.mx\/es\/wp-json\/wp\/v2\/pages\/402\/revisions\/564"}],"up":[{"embeddable":true,"href":"https:\/\/www.gnosisxxi.mx\/es\/wp-json\/wp\/v2\/pages\/31"}],"wp:featuredmedia":[{"embeddable":true,"href":"https:\/\/www.gnosisxxi.mx\/es\/wp-json\/wp\/v2\/media\/513"}],"wp:attachment":[{"href":"https:\/\/www.gnosisxxi.mx\/es\/wp-json\/wp\/v2\/media?parent=402"}],"curies":[{"name":"wp","href":"https:\/\/api.w.org\/{rel}","templated":true}]}}