{"id":400,"date":"2019-07-25T11:50:30","date_gmt":"2019-07-25T16:50:30","guid":{"rendered":"http:\/\/www.gnosisxxi.mx\/?page_id=400"},"modified":"2019-09-16T11:36:25","modified_gmt":"2019-09-16T16:36:25","slug":"emprendimiento","status":"publish","type":"page","link":"https:\/\/www.gnosisxxi.mx\/es\/como-te-podemos-ayudar\/emprendimiento\/","title":{"rendered":"Emprendimiento"},"content":{"rendered":"<p>Impulsamos:<\/p>\n<ul>\n<li>La detecci\u00f3n de oportunidades y alineamiento de negocio.<\/li>\n<li>El desarrollo personal, profesional y de competencias.<\/li>\n<li>La formaci\u00f3n de equipos de alto impacto.<\/li>\n<li>La toma de decisiones efectivas.<\/li>\n<li>El an\u00e1lisis de situaciones problem\u00e1ticas complejas.<\/li>\n<li>El dise\u00f1o de soluciones.<\/li>\n<\/ul>\n","protected":false},"excerpt":{"rendered":"<p>Impulsamos: La detecci\u00f3n de oportunidades y alineamiento de negocio. El desarrollo personal, profesional y de competencias. La formaci\u00f3n de equipos de alto impacto. La toma de decisiones efectivas. El an\u00e1lisis de situaciones problem\u00e1ticas complejas. El dise\u00f1o de soluciones.<\/p>\n","protected":false},"author":2,"featured_media":516,"parent":31,"menu_order":0,"comment_status":"closed","ping_status":"closed","template":"","meta":{"footnotes":""},"class_list":["post-400","page","type-page","status-publish","has-post-thumbnail","hentry"],"yoast_head":"<!-- This site is optimized with the Yoast SEO plugin v27.3 - https:\/\/yoast.com\/product\/yoast-seo-wordpress\/ -->\n<title>\u00bfC\u00f3mo ayudamos al Emprendimiento? - Gnosis XXI<\/title>\n<meta name=\"description\" content=\"Impulsamos la detecci\u00f3n de oportunidades y alineamiento de negocio, el desarrollo personal, profesional y de competencias, la formaci\u00f3n de equipos de alto impacto, la toma de decisiones efectivas, el an\u00e1lisis de situaciones problem\u00e1ticas complejas, el dise\u00f1o de soluciones.\" \/>\n<meta name=\"robots\" content=\"index, follow, max-snippet:-1, max-image-preview:large, max-video-preview:-1\" \/>\n<link rel=\"canonical\" href=\"https:\/\/www.gnosisxxi.mx\/es\/como-te-podemos-ayudar\/emprendimiento\/\" \/>\n<meta property=\"og:locale\" content=\"es_MX\" \/>\n<meta property=\"og:type\" content=\"article\" \/>\n<meta property=\"og:title\" content=\"\u00bfC\u00f3mo ayudamos al Emprendimiento? - Gnosis XXI\" \/>\n<meta property=\"og:description\" content=\"Impulsamos la detecci\u00f3n de oportunidades y alineamiento de negocio, el desarrollo personal, profesional y de competencias, la formaci\u00f3n de equipos de alto impacto, la toma de decisiones efectivas, el an\u00e1lisis de situaciones problem\u00e1ticas complejas, el dise\u00f1o de soluciones.\" \/>\n<meta property=\"og:url\" content=\"https:\/\/www.gnosisxxi.mx\/es\/como-te-podemos-ayudar\/emprendimiento\/\" \/>\n<meta property=\"og:site_name\" content=\"Gnosis XXI\" \/>\n<meta property=\"article:modified_time\" content=\"2019-09-16T16:36:25+00:00\" \/>\n<meta property=\"og:image\" content=\"https:\/\/www.gnosisxxi.mx\/wp-content\/uploads\/2019\/08\/h-emprendedores.jpg\" \/>\n\t<meta property=\"og:image:width\" content=\"1920\" \/>\n\t<meta property=\"og:image:height\" content=\"300\" \/>\n\t<meta property=\"og:image:type\" content=\"image\/jpeg\" \/>\n<meta name=\"twitter:card\" content=\"summary_large_image\" \/>\n<script type=\"application\/ld+json\" class=\"yoast-schema-graph\">{\"@context\":\"https:\\\/\\\/schema.org\",\"@graph\":[{\"@type\":\"WebPage\",\"@id\":\"https:\\\/\\\/www.gnosisxxi.mx\\\/es\\\/como-te-podemos-ayudar\\\/emprendimiento\\\/\",\"url\":\"https:\\\/\\\/www.gnosisxxi.mx\\\/es\\\/como-te-podemos-ayudar\\\/emprendimiento\\\/\",\"name\":\"\u00bfC\u00f3mo ayudamos al Emprendimiento? - Gnosis XXI\",\"isPartOf\":{\"@id\":\"https:\\\/\\\/www.gnosisxxi.mx\\\/es\\\/#website\"},\"primaryImageOfPage\":{\"@id\":\"https:\\\/\\\/www.gnosisxxi.mx\\\/es\\\/como-te-podemos-ayudar\\\/emprendimiento\\\/#primaryimage\"},\"image\":{\"@id\":\"https:\\\/\\\/www.gnosisxxi.mx\\\/es\\\/como-te-podemos-ayudar\\\/emprendimiento\\\/#primaryimage\"},\"thumbnailUrl\":\"https:\\\/\\\/www.gnosisxxi.mx\\\/wp-content\\\/uploads\\\/2019\\\/08\\\/h-emprendedores.jpg\",\"datePublished\":\"2019-07-25T16:50:30+00:00\",\"dateModified\":\"2019-09-16T16:36:25+00:00\",\"description\":\"Impulsamos la detecci\u00f3n de oportunidades y alineamiento de negocio, el desarrollo personal, profesional y de competencias, la formaci\u00f3n de equipos de alto impacto, la toma de decisiones efectivas, el an\u00e1lisis de situaciones problem\u00e1ticas complejas, el dise\u00f1o de soluciones.\",\"breadcrumb\":{\"@id\":\"https:\\\/\\\/www.gnosisxxi.mx\\\/es\\\/como-te-podemos-ayudar\\\/emprendimiento\\\/#breadcrumb\"},\"inLanguage\":\"es\",\"potentialAction\":[{\"@type\":\"ReadAction\",\"target\":[\"https:\\\/\\\/www.gnosisxxi.mx\\\/es\\\/como-te-podemos-ayudar\\\/emprendimiento\\\/\"]}]},{\"@type\":\"ImageObject\",\"inLanguage\":\"es\",\"@id\":\"https:\\\/\\\/www.gnosisxxi.mx\\\/es\\\/como-te-podemos-ayudar\\\/emprendimiento\\\/#primaryimage\",\"url\":\"https:\\\/\\\/www.gnosisxxi.mx\\\/wp-content\\\/uploads\\\/2019\\\/08\\\/h-emprendedores.jpg\",\"contentUrl\":\"https:\\\/\\\/www.gnosisxxi.mx\\\/wp-content\\\/uploads\\\/2019\\\/08\\\/h-emprendedores.jpg\",\"width\":1920,\"height\":300},{\"@type\":\"BreadcrumbList\",\"@id\":\"https:\\\/\\\/www.gnosisxxi.mx\\\/es\\\/como-te-podemos-ayudar\\\/emprendimiento\\\/#breadcrumb\",\"itemListElement\":[{\"@type\":\"ListItem\",\"position\":1,\"name\":\"Inicio\",\"item\":\"https:\\\/\\\/www.gnosisxxi.mx\\\/es\\\/\"},{\"@type\":\"ListItem\",\"position\":2,\"name\":\"\u00bfC\u00f3mo te podemos ayudar?\",\"item\":\"https:\\\/\\\/www.gnosisxxi.mx\\\/es\\\/como-te-podemos-ayudar\\\/\"},{\"@type\":\"ListItem\",\"position\":3,\"name\":\"Emprendimiento\"}]},{\"@type\":\"WebSite\",\"@id\":\"https:\\\/\\\/www.gnosisxxi.mx\\\/es\\\/#website\",\"url\":\"https:\\\/\\\/www.gnosisxxi.mx\\\/es\\\/\",\"name\":\"Gnosis XXI\",\"description\":\"Gnosis XXI aplicando el conocimiento y construyendo redes de apoyo para acompa\u00f1ar a las empresas y gobiernos a lograr el \u00e9xito en su prop\u00f3sito con eficiencia y efectividad.\",\"potentialAction\":[{\"@type\":\"SearchAction\",\"target\":{\"@type\":\"EntryPoint\",\"urlTemplate\":\"https:\\\/\\\/www.gnosisxxi.mx\\\/es\\\/?s={search_term_string}\"},\"query-input\":{\"@type\":\"PropertyValueSpecification\",\"valueRequired\":true,\"valueName\":\"search_term_string\"}}],\"inLanguage\":\"es\"}]}<\/script>\n<!-- \/ Yoast SEO plugin. -->","yoast_head_json":{"title":"\u00bfC\u00f3mo ayudamos al Emprendimiento? - Gnosis XXI","description":"Impulsamos la detecci\u00f3n de oportunidades y alineamiento de negocio, el desarrollo personal, profesional y de competencias, la formaci\u00f3n de equipos de alto impacto, la toma de decisiones efectivas, el an\u00e1lisis de situaciones problem\u00e1ticas complejas, el dise\u00f1o de soluciones.","robots":{"index":"index","follow":"follow","max-snippet":"max-snippet:-1","max-image-preview":"max-image-preview:large","max-video-preview":"max-video-preview:-1"},"canonical":"https:\/\/www.gnosisxxi.mx\/es\/como-te-podemos-ayudar\/emprendimiento\/","og_locale":"es_MX","og_type":"article","og_title":"\u00bfC\u00f3mo ayudamos al Emprendimiento? - Gnosis XXI","og_description":"Impulsamos la detecci\u00f3n de oportunidades y alineamiento de negocio, el desarrollo personal, profesional y de competencias, la formaci\u00f3n de equipos de alto impacto, la toma de decisiones efectivas, el an\u00e1lisis de situaciones problem\u00e1ticas complejas, el dise\u00f1o de soluciones.","og_url":"https:\/\/www.gnosisxxi.mx\/es\/como-te-podemos-ayudar\/emprendimiento\/","og_site_name":"Gnosis XXI","article_modified_time":"2019-09-16T16:36:25+00:00","og_image":[{"width":1920,"height":300,"url":"https:\/\/www.gnosisxxi.mx\/wp-content\/uploads\/2019\/08\/h-emprendedores.jpg","type":"image\/jpeg"}],"twitter_card":"summary_large_image","schema":{"@context":"https:\/\/schema.org","@graph":[{"@type":"WebPage","@id":"https:\/\/www.gnosisxxi.mx\/es\/como-te-podemos-ayudar\/emprendimiento\/","url":"https:\/\/www.gnosisxxi.mx\/es\/como-te-podemos-ayudar\/emprendimiento\/","name":"\u00bfC\u00f3mo ayudamos al Emprendimiento? - Gnosis XXI","isPartOf":{"@id":"https:\/\/www.gnosisxxi.mx\/es\/#website"},"primaryImageOfPage":{"@id":"https:\/\/www.gnosisxxi.mx\/es\/como-te-podemos-ayudar\/emprendimiento\/#primaryimage"},"image":{"@id":"https:\/\/www.gnosisxxi.mx\/es\/como-te-podemos-ayudar\/emprendimiento\/#primaryimage"},"thumbnailUrl":"https:\/\/www.gnosisxxi.mx\/wp-content\/uploads\/2019\/08\/h-emprendedores.jpg","datePublished":"2019-07-25T16:50:30+00:00","dateModified":"2019-09-16T16:36:25+00:00","description":"Impulsamos la detecci\u00f3n de oportunidades y alineamiento de negocio, el desarrollo personal, profesional y de competencias, la formaci\u00f3n de equipos de alto impacto, la toma de decisiones efectivas, el an\u00e1lisis de situaciones problem\u00e1ticas complejas, el dise\u00f1o de soluciones.","breadcrumb":{"@id":"https:\/\/www.gnosisxxi.mx\/es\/como-te-podemos-ayudar\/emprendimiento\/#breadcrumb"},"inLanguage":"es","potentialAction":[{"@type":"ReadAction","target":["https:\/\/www.gnosisxxi.mx\/es\/como-te-podemos-ayudar\/emprendimiento\/"]}]},{"@type":"ImageObject","inLanguage":"es","@id":"https:\/\/www.gnosisxxi.mx\/es\/como-te-podemos-ayudar\/emprendimiento\/#primaryimage","url":"https:\/\/www.gnosisxxi.mx\/wp-content\/uploads\/2019\/08\/h-emprendedores.jpg","contentUrl":"https:\/\/www.gnosisxxi.mx\/wp-content\/uploads\/2019\/08\/h-emprendedores.jpg","width":1920,"height":300},{"@type":"BreadcrumbList","@id":"https:\/\/www.gnosisxxi.mx\/es\/como-te-podemos-ayudar\/emprendimiento\/#breadcrumb","itemListElement":[{"@type":"ListItem","position":1,"name":"Inicio","item":"https:\/\/www.gnosisxxi.mx\/es\/"},{"@type":"ListItem","position":2,"name":"\u00bfC\u00f3mo te podemos ayudar?","item":"https:\/\/www.gnosisxxi.mx\/es\/como-te-podemos-ayudar\/"},{"@type":"ListItem","position":3,"name":"Emprendimiento"}]},{"@type":"WebSite","@id":"https:\/\/www.gnosisxxi.mx\/es\/#website","url":"https:\/\/www.gnosisxxi.mx\/es\/","name":"Gnosis XXI","description":"Gnosis XXI aplicando el conocimiento y construyendo redes de apoyo para acompa\u00f1ar a las empresas y gobiernos a lograr el \u00e9xito en su prop\u00f3sito con eficiencia y efectividad.","potentialAction":[{"@type":"SearchAction","target":{"@type":"EntryPoint","urlTemplate":"https:\/\/www.gnosisxxi.mx\/es\/?s={search_term_string}"},"query-input":{"@type":"PropertyValueSpecification","valueRequired":true,"valueName":"search_term_string"}}],"inLanguage":"es"}]}},"_links":{"self":[{"href":"https:\/\/www.gnosisxxi.mx\/es\/wp-json\/wp\/v2\/pages\/400","targetHints":{"allow":["GET"]}}],"collection":[{"href":"https:\/\/www.gnosisxxi.mx\/es\/wp-json\/wp\/v2\/pages"}],"about":[{"href":"https:\/\/www.gnosisxxi.mx\/es\/wp-json\/wp\/v2\/types\/page"}],"author":[{"embeddable":true,"href":"https:\/\/www.gnosisxxi.mx\/es\/wp-json\/wp\/v2\/users\/2"}],"replies":[{"embeddable":true,"href":"https:\/\/www.gnosisxxi.mx\/es\/wp-json\/wp\/v2\/comments?post=400"}],"version-history":[{"count":6,"href":"https:\/\/www.gnosisxxi.mx\/es\/wp-json\/wp\/v2\/pages\/400\/revisions"}],"predecessor-version":[{"id":520,"href":"https:\/\/www.gnosisxxi.mx\/es\/wp-json\/wp\/v2\/pages\/400\/revisions\/520"}],"up":[{"embeddable":true,"href":"https:\/\/www.gnosisxxi.mx\/es\/wp-json\/wp\/v2\/pages\/31"}],"wp:featuredmedia":[{"embeddable":true,"href":"https:\/\/www.gnosisxxi.mx\/es\/wp-json\/wp\/v2\/media\/516"}],"wp:attachment":[{"href":"https:\/\/www.gnosisxxi.mx\/es\/wp-json\/wp\/v2\/media?parent=400"}],"curies":[{"name":"wp","href":"https:\/\/api.w.org\/{rel}","templated":true}]}}