{"id":31,"date":"2019-05-21T17:45:24","date_gmt":"2019-05-21T22:45:24","guid":{"rendered":"http:\/\/www.gnosisxxi.mx\/?page_id=31"},"modified":"2024-02-12T11:48:37","modified_gmt":"2024-02-12T17:48:37","slug":"como-te-podemos-ayudar","status":"publish","type":"page","link":"https:\/\/www.gnosisxxi.mx\/es\/como-te-podemos-ayudar\/","title":{"rendered":"\u00bfC\u00f3mo te podemos ayudar?"},"content":{"rendered":"","protected":false},"excerpt":{"rendered":"","protected":false},"author":8,"featured_media":365,"parent":0,"menu_order":0,"comment_status":"closed","ping_status":"closed","template":"services.php","meta":{"footnotes":""},"class_list":["post-31","page","type-page","status-publish","has-post-thumbnail","hentry"],"yoast_head":"<!-- This site is optimized with the Yoast SEO plugin v27.4 - https:\/\/yoast.com\/product\/yoast-seo-wordpress\/ -->\n<title>\u00bfC\u00f3mo te podemos ayudar? - Gnosis XXI<\/title>\n<meta name=\"description\" content=\"Para lograr la generaci\u00f3n de bienestar y desarrollo, Gnosis XXI reconoce a las empresas, gobiernos y personas, como su centro de atenci\u00f3n e inter\u00e9s a trav\u00e9s de la aplicaci\u00f3n del conocimiento e innovaci\u00f3n.\" \/>\n<meta name=\"robots\" content=\"index, follow, max-snippet:-1, max-image-preview:large, max-video-preview:-1\" \/>\n<link rel=\"canonical\" href=\"https:\/\/www.gnosisxxi.mx\/es\/como-te-podemos-ayudar\/\" \/>\n<meta property=\"og:locale\" content=\"es_MX\" \/>\n<meta property=\"og:type\" content=\"article\" \/>\n<meta property=\"og:title\" content=\"\u00bfC\u00f3mo te podemos ayudar? - Gnosis XXI\" \/>\n<meta property=\"og:description\" content=\"Para lograr la generaci\u00f3n de bienestar y desarrollo, Gnosis XXI reconoce a las empresas, gobiernos y personas, como su centro de atenci\u00f3n e inter\u00e9s a trav\u00e9s de la aplicaci\u00f3n del conocimiento e innovaci\u00f3n.\" \/>\n<meta property=\"og:url\" content=\"https:\/\/www.gnosisxxi.mx\/es\/como-te-podemos-ayudar\/\" \/>\n<meta property=\"og:site_name\" content=\"Gnosis XXI\" \/>\n<meta property=\"article:modified_time\" content=\"2024-02-12T17:48:37+00:00\" \/>\n<meta property=\"og:image\" content=\"https:\/\/www.gnosisxxi.mx\/wp-content\/uploads\/2019\/07\/h-como-te-podemos-ayudar.jpg\" \/>\n\t<meta property=\"og:image:width\" content=\"1920\" \/>\n\t<meta property=\"og:image:height\" content=\"300\" \/>\n\t<meta property=\"og:image:type\" content=\"image\/jpeg\" \/>\n<meta name=\"twitter:card\" content=\"summary_large_image\" \/>\n<script type=\"application\/ld+json\" class=\"yoast-schema-graph\">{\"@context\":\"https:\\\/\\\/schema.org\",\"@graph\":[{\"@type\":\"WebPage\",\"@id\":\"https:\\\/\\\/www.gnosisxxi.mx\\\/es\\\/como-te-podemos-ayudar\\\/\",\"url\":\"https:\\\/\\\/www.gnosisxxi.mx\\\/es\\\/como-te-podemos-ayudar\\\/\",\"name\":\"\u00bfC\u00f3mo te podemos ayudar? - Gnosis XXI\",\"isPartOf\":{\"@id\":\"https:\\\/\\\/www.gnosisxxi.mx\\\/es\\\/#website\"},\"primaryImageOfPage\":{\"@id\":\"https:\\\/\\\/www.gnosisxxi.mx\\\/es\\\/como-te-podemos-ayudar\\\/#primaryimage\"},\"image\":{\"@id\":\"https:\\\/\\\/www.gnosisxxi.mx\\\/es\\\/como-te-podemos-ayudar\\\/#primaryimage\"},\"thumbnailUrl\":\"https:\\\/\\\/www.gnosisxxi.mx\\\/wp-content\\\/uploads\\\/2019\\\/07\\\/h-como-te-podemos-ayudar.jpg\",\"datePublished\":\"2019-05-21T22:45:24+00:00\",\"dateModified\":\"2024-02-12T17:48:37+00:00\",\"description\":\"Para lograr la generaci\u00f3n de bienestar y desarrollo, Gnosis XXI reconoce a las empresas, gobiernos y personas, como su centro de atenci\u00f3n e inter\u00e9s a trav\u00e9s de la aplicaci\u00f3n del conocimiento e innovaci\u00f3n.\",\"breadcrumb\":{\"@id\":\"https:\\\/\\\/www.gnosisxxi.mx\\\/es\\\/como-te-podemos-ayudar\\\/#breadcrumb\"},\"inLanguage\":\"es\",\"potentialAction\":[{\"@type\":\"ReadAction\",\"target\":[\"https:\\\/\\\/www.gnosisxxi.mx\\\/es\\\/como-te-podemos-ayudar\\\/\"]}]},{\"@type\":\"ImageObject\",\"inLanguage\":\"es\",\"@id\":\"https:\\\/\\\/www.gnosisxxi.mx\\\/es\\\/como-te-podemos-ayudar\\\/#primaryimage\",\"url\":\"https:\\\/\\\/www.gnosisxxi.mx\\\/wp-content\\\/uploads\\\/2019\\\/07\\\/h-como-te-podemos-ayudar.jpg\",\"contentUrl\":\"https:\\\/\\\/www.gnosisxxi.mx\\\/wp-content\\\/uploads\\\/2019\\\/07\\\/h-como-te-podemos-ayudar.jpg\",\"width\":1920,\"height\":300},{\"@type\":\"BreadcrumbList\",\"@id\":\"https:\\\/\\\/www.gnosisxxi.mx\\\/es\\\/como-te-podemos-ayudar\\\/#breadcrumb\",\"itemListElement\":[{\"@type\":\"ListItem\",\"position\":1,\"name\":\"Inicio\",\"item\":\"https:\\\/\\\/www.gnosisxxi.mx\\\/es\\\/\"},{\"@type\":\"ListItem\",\"position\":2,\"name\":\"\u00bfC\u00f3mo te podemos ayudar?\"}]},{\"@type\":\"WebSite\",\"@id\":\"https:\\\/\\\/www.gnosisxxi.mx\\\/es\\\/#website\",\"url\":\"https:\\\/\\\/www.gnosisxxi.mx\\\/es\\\/\",\"name\":\"Gnosis XXI\",\"description\":\"Gnosis XXI aplicando el conocimiento y construyendo redes de apoyo para acompa\u00f1ar a las empresas y gobiernos a lograr el \u00e9xito en su prop\u00f3sito con eficiencia y efectividad.\",\"potentialAction\":[{\"@type\":\"SearchAction\",\"target\":{\"@type\":\"EntryPoint\",\"urlTemplate\":\"https:\\\/\\\/www.gnosisxxi.mx\\\/es\\\/?s={search_term_string}\"},\"query-input\":{\"@type\":\"PropertyValueSpecification\",\"valueRequired\":true,\"valueName\":\"search_term_string\"}}],\"inLanguage\":\"es\"}]}<\/script>\n<!-- \/ Yoast SEO plugin. -->","yoast_head_json":{"title":"\u00bfC\u00f3mo te podemos ayudar? - Gnosis XXI","description":"Para lograr la generaci\u00f3n de bienestar y desarrollo, Gnosis XXI reconoce a las empresas, gobiernos y personas, como su centro de atenci\u00f3n e inter\u00e9s a trav\u00e9s de la aplicaci\u00f3n del conocimiento e innovaci\u00f3n.","robots":{"index":"index","follow":"follow","max-snippet":"max-snippet:-1","max-image-preview":"max-image-preview:large","max-video-preview":"max-video-preview:-1"},"canonical":"https:\/\/www.gnosisxxi.mx\/es\/como-te-podemos-ayudar\/","og_locale":"es_MX","og_type":"article","og_title":"\u00bfC\u00f3mo te podemos ayudar? - Gnosis XXI","og_description":"Para lograr la generaci\u00f3n de bienestar y desarrollo, Gnosis XXI reconoce a las empresas, gobiernos y personas, como su centro de atenci\u00f3n e inter\u00e9s a trav\u00e9s de la aplicaci\u00f3n del conocimiento e innovaci\u00f3n.","og_url":"https:\/\/www.gnosisxxi.mx\/es\/como-te-podemos-ayudar\/","og_site_name":"Gnosis XXI","article_modified_time":"2024-02-12T17:48:37+00:00","og_image":[{"width":1920,"height":300,"url":"https:\/\/www.gnosisxxi.mx\/wp-content\/uploads\/2019\/07\/h-como-te-podemos-ayudar.jpg","type":"image\/jpeg"}],"twitter_card":"summary_large_image","schema":{"@context":"https:\/\/schema.org","@graph":[{"@type":"WebPage","@id":"https:\/\/www.gnosisxxi.mx\/es\/como-te-podemos-ayudar\/","url":"https:\/\/www.gnosisxxi.mx\/es\/como-te-podemos-ayudar\/","name":"\u00bfC\u00f3mo te podemos ayudar? - Gnosis XXI","isPartOf":{"@id":"https:\/\/www.gnosisxxi.mx\/es\/#website"},"primaryImageOfPage":{"@id":"https:\/\/www.gnosisxxi.mx\/es\/como-te-podemos-ayudar\/#primaryimage"},"image":{"@id":"https:\/\/www.gnosisxxi.mx\/es\/como-te-podemos-ayudar\/#primaryimage"},"thumbnailUrl":"https:\/\/www.gnosisxxi.mx\/wp-content\/uploads\/2019\/07\/h-como-te-podemos-ayudar.jpg","datePublished":"2019-05-21T22:45:24+00:00","dateModified":"2024-02-12T17:48:37+00:00","description":"Para lograr la generaci\u00f3n de bienestar y desarrollo, Gnosis XXI reconoce a las empresas, gobiernos y personas, como su centro de atenci\u00f3n e inter\u00e9s a trav\u00e9s de la aplicaci\u00f3n del conocimiento e innovaci\u00f3n.","breadcrumb":{"@id":"https:\/\/www.gnosisxxi.mx\/es\/como-te-podemos-ayudar\/#breadcrumb"},"inLanguage":"es","potentialAction":[{"@type":"ReadAction","target":["https:\/\/www.gnosisxxi.mx\/es\/como-te-podemos-ayudar\/"]}]},{"@type":"ImageObject","inLanguage":"es","@id":"https:\/\/www.gnosisxxi.mx\/es\/como-te-podemos-ayudar\/#primaryimage","url":"https:\/\/www.gnosisxxi.mx\/wp-content\/uploads\/2019\/07\/h-como-te-podemos-ayudar.jpg","contentUrl":"https:\/\/www.gnosisxxi.mx\/wp-content\/uploads\/2019\/07\/h-como-te-podemos-ayudar.jpg","width":1920,"height":300},{"@type":"BreadcrumbList","@id":"https:\/\/www.gnosisxxi.mx\/es\/como-te-podemos-ayudar\/#breadcrumb","itemListElement":[{"@type":"ListItem","position":1,"name":"Inicio","item":"https:\/\/www.gnosisxxi.mx\/es\/"},{"@type":"ListItem","position":2,"name":"\u00bfC\u00f3mo te podemos ayudar?"}]},{"@type":"WebSite","@id":"https:\/\/www.gnosisxxi.mx\/es\/#website","url":"https:\/\/www.gnosisxxi.mx\/es\/","name":"Gnosis XXI","description":"Gnosis XXI aplicando el conocimiento y construyendo redes de apoyo para acompa\u00f1ar a las empresas y gobiernos a lograr el \u00e9xito en su prop\u00f3sito con eficiencia y efectividad.","potentialAction":[{"@type":"SearchAction","target":{"@type":"EntryPoint","urlTemplate":"https:\/\/www.gnosisxxi.mx\/es\/?s={search_term_string}"},"query-input":{"@type":"PropertyValueSpecification","valueRequired":true,"valueName":"search_term_string"}}],"inLanguage":"es"}]}},"_links":{"self":[{"href":"https:\/\/www.gnosisxxi.mx\/es\/wp-json\/wp\/v2\/pages\/31","targetHints":{"allow":["GET"]}}],"collection":[{"href":"https:\/\/www.gnosisxxi.mx\/es\/wp-json\/wp\/v2\/pages"}],"about":[{"href":"https:\/\/www.gnosisxxi.mx\/es\/wp-json\/wp\/v2\/types\/page"}],"author":[{"embeddable":true,"href":"https:\/\/www.gnosisxxi.mx\/es\/wp-json\/wp\/v2\/users\/8"}],"replies":[{"embeddable":true,"href":"https:\/\/www.gnosisxxi.mx\/es\/wp-json\/wp\/v2\/comments?post=31"}],"version-history":[{"count":4,"href":"https:\/\/www.gnosisxxi.mx\/es\/wp-json\/wp\/v2\/pages\/31\/revisions"}],"predecessor-version":[{"id":399,"href":"https:\/\/www.gnosisxxi.mx\/es\/wp-json\/wp\/v2\/pages\/31\/revisions\/399"}],"wp:featuredmedia":[{"embeddable":true,"href":"https:\/\/www.gnosisxxi.mx\/es\/wp-json\/wp\/v2\/media\/365"}],"wp:attachment":[{"href":"https:\/\/www.gnosisxxi.mx\/es\/wp-json\/wp\/v2\/media?parent=31"}],"curies":[{"name":"wp","href":"https:\/\/api.w.org\/{rel}","templated":true}]}}