{"id":3,"date":"2019-05-21T21:46:38","date_gmt":"2019-05-21T21:46:38","guid":{"rendered":"http:\/\/www.gnosisxxi.mx\/?page_id=3"},"modified":"2019-11-01T19:54:34","modified_gmt":"2019-11-02T01:54:34","slug":"aviso-privacidad","status":"publish","type":"page","link":"https:\/\/www.gnosisxxi.mx\/es\/aviso-privacidad\/","title":{"rendered":"Aviso de privacidad"},"content":{"rendered":"<p>Este aviso de privacidad forma parte del uso del sitio web: <a href=\"http:\/\/www.gnosisxxi.mx\">www.gnosisxxi.mx<\/a> y\/o <a href=\"http:\/\/www.gs21.mx\">www.gs21.mx<\/a><\/p>\n<p>Gonsis XXI, S,C., empresa mexicana localizada en la Ciudad de Le\u00f3n, Guanajuato, M\u00e9xico, es responsable del tratamiento de sus datos personales, del uso de adecuado de los mismos y de su protecci\u00f3n.<\/p>\n<p>Pol\u00edtica de privacidad<\/p>\n<p>Para Gnosis XXI, S.C. es importante proteger su privacidad y cumplir con la legislaci\u00f3n aplicable a la protecci\u00f3n de los datos proporcionados a trav\u00e9s de esta p\u00e1gina de internet <a href=\"http:\/\/www.gnosisxxi.mx\">www.gnosisxxi.mx<\/a> y\/o <a href=\"http:\/\/www.gs21.mx\">www.gs21.mx<\/a> \u00a0(la cual se denominar\u00e1 la &#8220;p\u00e1gina&#8221;), utilizando los recursos a su alcance para protegerlos del acceso y uso no autorizado de usuarios dentro y fuera de la empresa.<\/p>\n<p>\u00bfPara qu\u00e9 fines recabamos y utilizamos sus datos personales?<\/p>\n<p>Sus datos personales ser\u00e1n utilizados para las siguientes finalidades:<\/p>\n<ul>\n<li>Servir de medio de contacto<\/li>\n<li>Proveer los servicios y productos requeridos por usted.<\/li>\n<li>Informar sobre temas de su inter\u00e9s.<\/li>\n<li>Cumplir las obligaciones contra\u00eddas con clientes.<\/li>\n<li>Evaluar la calidad del servicio, y realizar entrevistas y\/o encuestas telef\u00f3nicas y\/o e-mailing con el objetivo de recabar informaci\u00f3n sobre los temas de inter\u00e9s.<\/li>\n<\/ul>\n<p>&nbsp;<\/p>\n<p>Datos que proporciona<\/p>\n<p>Cuando usted ingresa y navega a trav\u00e9s de la p\u00e1gina y no ha proporcionado sus datos personales, usted navega en forma an\u00f3nima y solo ser\u00eda posible conocer, tanto para efectos estad\u00edsticos como de mejora, la forma en que utiliza la p\u00e1gina o si ha respondido a alg\u00fan correo electr\u00f3nico o a alguna solicitud mostrada en la pantalla. Sin embargo, para tener acceso a determinadas secciones de esta p\u00e1gina y para solicitar algunos de los servicios que ofrece Gnosis XXI, es necesario que los usuarios proporcionen voluntariamente algunos datos de su informaci\u00f3n personal para poder identificarlos, tales como nombre, n\u00famero de tel\u00e9fono, y direcci\u00f3n de correo electr\u00f3nico. En caso de que los usuarios cuenten con clave de identificaci\u00f3n de usuario y contrase\u00f1a o se le proporcione alg\u00fan c\u00f3digo de confirmaci\u00f3n, deber\u00e1n proporcionarlos en el momento en que la secci\u00f3n de la p\u00e1gina lo requiera<\/p>\n<p>\u00bfQu\u00e9 datos personales obtenemos y de d\u00f3nde?<\/p>\n<p>Para las finalidades se\u00f1aladas en el presente aviso de privacidad, podemos recabar sus datos personales de distintas formas: cuando usted nos los proporciona directamente; cuando visita nuestro sitio de Internet, redes sociales y\/o cuando obtenemos informaci\u00f3n a trav\u00e9s de otras fuentes que est\u00e1n permitidas por la ley.<\/p>\n<p>Datos personales que recabamos de forma directa.<\/p>\n<p>Recabamos sus datos personales de forma directa cuando usted mismo nos los proporciona por diversos medios, como cuando participa en nuestras promociones o nos da informaci\u00f3n con objeto de que le prestemos un servicio. Los datos que obtenemos por este medio pueden ser, entre otros:<\/p>\n<ul>\n<li>Nombre<\/li>\n<li>Tel\u00e9fono<\/li>\n<li>Correo electr\u00f3nico<\/li>\n<\/ul>\n<p>&nbsp;<\/p>\n<p>Datos personales que recabamos cuando visita nuestro sitio web o utiliza nuestros servicios en l\u00ednea.<\/p>\n<ul>\n<li>Nombre<\/li>\n<li>Tel\u00e9fono<\/li>\n<li>Correo electr\u00f3nico<\/li>\n<\/ul>\n<p>&nbsp;<\/p>\n<p>Datos personales que recabamos a trav\u00e9s de otras fuentes.<\/p>\n<ul>\n<li>Nombre<\/li>\n<li>Tel\u00e9fono<\/li>\n<li>Correo electr\u00f3nico<\/li>\n<li>Nombre empresa<\/li>\n<\/ul>\n<p>&nbsp;<\/p>\n<p>Datos personales sensibles.<\/p>\n<p>Le informamos que para cumplir con las finalidades previstas en este aviso de privacidad, s\u00f3lo ser\u00e1n recabados y tratados datos personales sensibles cuando la naturaleza del proyecto as\u00ed lo requiera. Estos datos se refieren a: condici\u00f3n f\u00edsica, estado de salud, discapacidad, informaci\u00f3n de ingresos y\/o otros contables, entre algunos otros. Nos comprometemos a que los mismos ser\u00e1n tratados bajo las m\u00e1s estrictas medidas de seguridad que garanticen su confidencialidad. Sin embargo, es claro que ninguna comunicaci\u00f3n de datos por Internet es totalmente segura, por lo que Gnosis XXI no puede garantizar que sus datos personales estar\u00e1n libres de todo da\u00f1o, p\u00e9rdida, alteraci\u00f3n, destrucci\u00f3n o el uso, acceso o tratamiento no autorizado.<\/p>\n<p>Uso de la informaci\u00f3n<\/p>\n<p>La informaci\u00f3n que proporcione podr\u00e1 ser utilizada con el fin de mejorar la comunicaci\u00f3n y el servicio a los clientes y para ofrecer ocasionalmente informaci\u00f3n relativa a sus \u00e1reas de inter\u00e9s ofrecidas por Gnosis XXI y las organizaciones y empresas relacionadas o asociadas.<\/p>\n<p>\u00bfC\u00f3mo puede limitar el uso o divulgaci\u00f3n de sus datos personales?<\/p>\n<p>Usted puede dejar de recibir mensajes por correo electr\u00f3nico enviando un correo electr\u00f3nico a la siguiente direcci\u00f3n <a href=\"mailto:contacto@gnosis.mx\">contacto@gnosis.mx<\/a> o contacto@gs21.mx.<\/p>\n<p>\u00bfC\u00f3mo cancelar sus datos personales?<\/p>\n<p>Usted tiene derecho cancelarlos cuando considere que no se requieren para alguna de las finalidades se\u00f1aladas en el presente aviso de privacidad, est\u00e9n siendo utilizados para finalidades no consentidas o haya finalizado la relaci\u00f3n contractual o de servicio, o bien, oponerse al tratamiento de los mismos para fines espec\u00edficos. El mecanismo que se ha implementado para el ejercicio de dichos derechos son a trav\u00e9s de la presentaci\u00f3n de la solicitud respectiva, enviando un correo electr\u00f3nico a la siguiente direcci\u00f3n <a href=\"mailto:contacto@gnosisxxi.mx\">contacto@gnosisxxi.mx<\/a> o <a href=\"mailto:contacto@gs21.mx\">contacto@gs21.mx<\/a>; esta informaci\u00f3n ser\u00e1 resguardada bajo la misma ley. El plazo para atender su solicitud es de 15 d\u00edas h\u00e1biles y le informaremos sobre la procedencia de la misma a trav\u00e9s de los medios proporcionados para notificarle.<\/p>\n<p>\u00bfC\u00f3mo puede revocar su consentimiento para el tratamiento de sus datos?<\/p>\n<p>En todo momento, usted podr\u00e1 revocar el consentimiento que nos ha otorgado para el tratamiento de sus datos personales, a fin de que dejemos de hacer uso de los mismos. Para ello, es necesario que presente su petici\u00f3n enviando un correo electr\u00f3nico a la siguiente direcci\u00f3n <a href=\"mailto:contacto@gnosisxxi.mx\">contacto@gnosisxxi.mx<\/a> o <a href=\"mailto:contacto@gs21.mx\">contacto@gs21.mx<\/a> en donde indique su solicitud. esta informaci\u00f3n ser\u00e1 resguardada bajo la misma ley. El plazo para atender su solicitud es de 15 d\u00edas h\u00e1biles y le se le informar\u00e1 a trav\u00e9s de los medios que usted nos proporcion\u00f3 para notificarle.<\/p>\n<p><a href=\"https:\/\/www.payback.mx\/aviso-de-privacidad\">https:\/\/www.payback.mx\/aviso-de-privacidad<\/a><\/p>\n<p>Uso de Links a sitios de terceros.<\/p>\n<p>Existen diversas ligas en <a href=\"http:\/\/www.gnosisxxi.mx\">www.gnosisxxi.mx<\/a> y\/o <a href=\"http:\/\/www.gs21.mx\">www.gs21.mx<\/a> que pueden conectarse con otros sitios web que no funcionan bajo sus propias pol\u00edticas de privacidad. Cuando usted se conecta a otros sitios Web, las pr\u00e1cticas de privacidad de nuestro sitio de Internet, as\u00ed como el presente Aviso ya no tienen validez. Invitamos a los usuarios a revisar las pol\u00edticas de privacidad y su Aviso correspondiente en cada sitio antes de revelar cualquier informaci\u00f3n de identificaci\u00f3n personal.<\/p>\n<p>Responsabilidad del usuario<\/p>\n<p>Es exclusiva responsabilidad del usuario el resguardo y el uso que se d\u00e9 a su c\u00f3digo de confirmaci\u00f3n, clave de identificaci\u00f3n y a su contrase\u00f1a.<\/p>\n<p>Aceptaci\u00f3n de la pol\u00edtica de privacidad<\/p>\n<p>Al hacer uso de esta p\u00e1gina usted acepta los t\u00e9rminos y condiciones descritos en este documento, los cuales podr\u00e1n ser modificados en cualquier momento por Gnosis XXI, por lo que recomendamos que sean consultados peri\u00f3dicamente al hacer uso de la p\u00e1gina.<\/p>\n<p>Modificaciones al aviso de privacidad.<\/p>\n<p>Nos reservamos el derecho de efectuar en cualquier momento modificaciones o actualizaciones al presente aviso de privacidad, para la atenci\u00f3n de novedades legislativas, pol\u00edticas internas o nuevos requerimientos para la prestaci\u00f3n u ofrecimiento de nuestros servicios o productos.<\/p>\n<p><a href=\"http:\/\/inicio.ifai.org.mx\/SitePages\/ifai.aspx\">ww.ifai.org.mx<\/a><\/p>\n<p>C\u00f3mo contactarnos:<\/p>\n<p>Puede enviar un correo a <a href=\"mailto:contacto@gnosisxxi.mx\">contacto@gnosisxxi.mx<\/a> o <a href=\"mailto:contacto@gs21.mx\">contacto@gs21.mx<\/a>\u00a0 indicando deseo de comunicaci\u00f3n con el responsable del cuidado y manejo de sus datos.<\/p>\n<p>\u00daltima actualizaci\u00f3n \u2013 Noviembre 2019<\/p>\n<p>&nbsp;<\/p>\n","protected":false},"excerpt":{"rendered":"<p>Este aviso de privacidad forma parte del uso del sitio web: www.gnosisxxi.mx y\/o www.gs21.mx Gonsis XXI, S,C., empresa mexicana localizada en la Ciudad de Le\u00f3n, Guanajuato, M\u00e9xico, es responsable del tratamiento de sus datos personales, del uso de adecuado de los mismos y de su protecci\u00f3n. Pol\u00edtica de privacidad Para Gnosis XXI, S.C. es importante [&hellip;]<\/p>\n","protected":false},"author":8,"featured_media":0,"parent":0,"menu_order":0,"comment_status":"closed","ping_status":"open","template":"","meta":{"footnotes":""},"class_list":["post-3","page","type-page","status-publish","hentry"],"yoast_head":"<!-- This site is optimized with the Yoast SEO plugin v27.4 - https:\/\/yoast.com\/product\/yoast-seo-wordpress\/ -->\n<title>Aviso de privacidad - Gnosis XXI<\/title>\n<meta name=\"robots\" content=\"index, follow, max-snippet:-1, max-image-preview:large, max-video-preview:-1\" \/>\n<link rel=\"canonical\" href=\"https:\/\/www.gnosisxxi.mx\/es\/aviso-privacidad\/\" \/>\n<meta property=\"og:locale\" content=\"es_MX\" \/>\n<meta property=\"og:type\" content=\"article\" \/>\n<meta property=\"og:title\" content=\"Aviso de privacidad - Gnosis XXI\" \/>\n<meta property=\"og:description\" content=\"Este aviso de privacidad forma parte del uso del sitio web: www.gnosisxxi.mx y\/o www.gs21.mx Gonsis XXI, S,C., empresa mexicana localizada en la Ciudad de Le\u00f3n, Guanajuato, M\u00e9xico, es responsable del tratamiento de sus datos personales, del uso de adecuado de los mismos y de su protecci\u00f3n. Pol\u00edtica de privacidad Para Gnosis XXI, S.C. es importante [&hellip;]\" \/>\n<meta property=\"og:url\" content=\"https:\/\/www.gnosisxxi.mx\/es\/aviso-privacidad\/\" \/>\n<meta property=\"og:site_name\" content=\"Gnosis XXI\" \/>\n<meta property=\"article:modified_time\" content=\"2019-11-02T01:54:34+00:00\" \/>\n<meta name=\"twitter:card\" content=\"summary_large_image\" \/>\n<meta name=\"twitter:label1\" content=\"Tiempo de lectura\" \/>\n\t<meta name=\"twitter:data1\" content=\"6 minutos\" \/>\n<script type=\"application\/ld+json\" class=\"yoast-schema-graph\">{\"@context\":\"https:\\\/\\\/schema.org\",\"@graph\":[{\"@type\":\"WebPage\",\"@id\":\"https:\\\/\\\/www.gnosisxxi.mx\\\/es\\\/aviso-privacidad\\\/\",\"url\":\"https:\\\/\\\/www.gnosisxxi.mx\\\/es\\\/aviso-privacidad\\\/\",\"name\":\"Aviso de privacidad - Gnosis XXI\",\"isPartOf\":{\"@id\":\"https:\\\/\\\/www.gnosisxxi.mx\\\/es\\\/#website\"},\"datePublished\":\"2019-05-21T21:46:38+00:00\",\"dateModified\":\"2019-11-02T01:54:34+00:00\",\"breadcrumb\":{\"@id\":\"https:\\\/\\\/www.gnosisxxi.mx\\\/es\\\/aviso-privacidad\\\/#breadcrumb\"},\"inLanguage\":\"es\",\"potentialAction\":[{\"@type\":\"ReadAction\",\"target\":[\"https:\\\/\\\/www.gnosisxxi.mx\\\/es\\\/aviso-privacidad\\\/\"]}]},{\"@type\":\"BreadcrumbList\",\"@id\":\"https:\\\/\\\/www.gnosisxxi.mx\\\/es\\\/aviso-privacidad\\\/#breadcrumb\",\"itemListElement\":[{\"@type\":\"ListItem\",\"position\":1,\"name\":\"Inicio\",\"item\":\"https:\\\/\\\/www.gnosisxxi.mx\\\/es\\\/\"},{\"@type\":\"ListItem\",\"position\":2,\"name\":\"Aviso de privacidad\"}]},{\"@type\":\"WebSite\",\"@id\":\"https:\\\/\\\/www.gnosisxxi.mx\\\/es\\\/#website\",\"url\":\"https:\\\/\\\/www.gnosisxxi.mx\\\/es\\\/\",\"name\":\"Gnosis XXI\",\"description\":\"Gnosis XXI aplicando el conocimiento y construyendo redes de apoyo para acompa\u00f1ar a las empresas y gobiernos a lograr el \u00e9xito en su prop\u00f3sito con eficiencia y efectividad.\",\"potentialAction\":[{\"@type\":\"SearchAction\",\"target\":{\"@type\":\"EntryPoint\",\"urlTemplate\":\"https:\\\/\\\/www.gnosisxxi.mx\\\/es\\\/?s={search_term_string}\"},\"query-input\":{\"@type\":\"PropertyValueSpecification\",\"valueRequired\":true,\"valueName\":\"search_term_string\"}}],\"inLanguage\":\"es\"}]}<\/script>\n<!-- \/ Yoast SEO plugin. -->","yoast_head_json":{"title":"Aviso de privacidad - Gnosis XXI","robots":{"index":"index","follow":"follow","max-snippet":"max-snippet:-1","max-image-preview":"max-image-preview:large","max-video-preview":"max-video-preview:-1"},"canonical":"https:\/\/www.gnosisxxi.mx\/es\/aviso-privacidad\/","og_locale":"es_MX","og_type":"article","og_title":"Aviso de privacidad - Gnosis XXI","og_description":"Este aviso de privacidad forma parte del uso del sitio web: www.gnosisxxi.mx y\/o www.gs21.mx Gonsis XXI, S,C., empresa mexicana localizada en la Ciudad de Le\u00f3n, Guanajuato, M\u00e9xico, es responsable del tratamiento de sus datos personales, del uso de adecuado de los mismos y de su protecci\u00f3n. Pol\u00edtica de privacidad Para Gnosis XXI, S.C. es importante [&hellip;]","og_url":"https:\/\/www.gnosisxxi.mx\/es\/aviso-privacidad\/","og_site_name":"Gnosis XXI","article_modified_time":"2019-11-02T01:54:34+00:00","twitter_card":"summary_large_image","twitter_misc":{"Tiempo de lectura":"6 minutos"},"schema":{"@context":"https:\/\/schema.org","@graph":[{"@type":"WebPage","@id":"https:\/\/www.gnosisxxi.mx\/es\/aviso-privacidad\/","url":"https:\/\/www.gnosisxxi.mx\/es\/aviso-privacidad\/","name":"Aviso de privacidad - Gnosis XXI","isPartOf":{"@id":"https:\/\/www.gnosisxxi.mx\/es\/#website"},"datePublished":"2019-05-21T21:46:38+00:00","dateModified":"2019-11-02T01:54:34+00:00","breadcrumb":{"@id":"https:\/\/www.gnosisxxi.mx\/es\/aviso-privacidad\/#breadcrumb"},"inLanguage":"es","potentialAction":[{"@type":"ReadAction","target":["https:\/\/www.gnosisxxi.mx\/es\/aviso-privacidad\/"]}]},{"@type":"BreadcrumbList","@id":"https:\/\/www.gnosisxxi.mx\/es\/aviso-privacidad\/#breadcrumb","itemListElement":[{"@type":"ListItem","position":1,"name":"Inicio","item":"https:\/\/www.gnosisxxi.mx\/es\/"},{"@type":"ListItem","position":2,"name":"Aviso de privacidad"}]},{"@type":"WebSite","@id":"https:\/\/www.gnosisxxi.mx\/es\/#website","url":"https:\/\/www.gnosisxxi.mx\/es\/","name":"Gnosis XXI","description":"Gnosis XXI aplicando el conocimiento y construyendo redes de apoyo para acompa\u00f1ar a las empresas y gobiernos a lograr el \u00e9xito en su prop\u00f3sito con eficiencia y efectividad.","potentialAction":[{"@type":"SearchAction","target":{"@type":"EntryPoint","urlTemplate":"https:\/\/www.gnosisxxi.mx\/es\/?s={search_term_string}"},"query-input":{"@type":"PropertyValueSpecification","valueRequired":true,"valueName":"search_term_string"}}],"inLanguage":"es"}]}},"_links":{"self":[{"href":"https:\/\/www.gnosisxxi.mx\/es\/wp-json\/wp\/v2\/pages\/3","targetHints":{"allow":["GET"]}}],"collection":[{"href":"https:\/\/www.gnosisxxi.mx\/es\/wp-json\/wp\/v2\/pages"}],"about":[{"href":"https:\/\/www.gnosisxxi.mx\/es\/wp-json\/wp\/v2\/types\/page"}],"author":[{"embeddable":true,"href":"https:\/\/www.gnosisxxi.mx\/es\/wp-json\/wp\/v2\/users\/8"}],"replies":[{"embeddable":true,"href":"https:\/\/www.gnosisxxi.mx\/es\/wp-json\/wp\/v2\/comments?post=3"}],"version-history":[{"count":1,"href":"https:\/\/www.gnosisxxi.mx\/es\/wp-json\/wp\/v2\/pages\/3\/revisions"}],"predecessor-version":[{"id":699,"href":"https:\/\/www.gnosisxxi.mx\/es\/wp-json\/wp\/v2\/pages\/3\/revisions\/699"}],"wp:attachment":[{"href":"https:\/\/www.gnosisxxi.mx\/es\/wp-json\/wp\/v2\/media?parent=3"}],"curies":[{"name":"wp","href":"https:\/\/api.w.org\/{rel}","templated":true}]}}