{"id":23,"date":"2019-05-21T17:42:23","date_gmt":"2019-05-21T22:42:23","guid":{"rendered":"http:\/\/www.gnosisxxi.mx\/?page_id=23"},"modified":"2020-08-11T23:59:17","modified_gmt":"2020-08-12T04:59:17","slug":"conexion-con-el-mundo","status":"publish","type":"page","link":"https:\/\/www.gnosisxxi.mx\/es\/conexion-con-el-mundo\/","title":{"rendered":"Conexi\u00f3n con el mundo"},"content":{"rendered":"","protected":false},"excerpt":{"rendered":"","protected":false},"author":8,"featured_media":345,"parent":0,"menu_order":0,"comment_status":"closed","ping_status":"closed","template":"connection.php","meta":{"footnotes":""},"class_list":["post-23","page","type-page","status-publish","has-post-thumbnail","hentry"],"yoast_head":"<!-- This site is optimized with the Yoast SEO plugin v27.4 - https:\/\/yoast.com\/product\/yoast-seo-wordpress\/ -->\n<title>Conexi\u00f3n con el mundo - Gnosis XXI<\/title>\n<meta name=\"description\" content=\"Nos establecemos como una ventana al Mundo, la que identifica propuestas de inter\u00e9s y ofrecerlas a los diferentes agentes interesados en el entorno local.\" \/>\n<meta name=\"robots\" content=\"index, follow, max-snippet:-1, max-image-preview:large, max-video-preview:-1\" \/>\n<link rel=\"canonical\" href=\"https:\/\/www.gnosisxxi.mx\/es\/conexion-con-el-mundo\/\" \/>\n<meta property=\"og:locale\" content=\"es_MX\" \/>\n<meta property=\"og:type\" content=\"article\" \/>\n<meta property=\"og:title\" content=\"Conexi\u00f3n con el mundo - Gnosis XXI\" \/>\n<meta property=\"og:description\" content=\"Nos establecemos como una ventana al Mundo, la que identifica propuestas de inter\u00e9s y ofrecerlas a los diferentes agentes interesados en el entorno local.\" \/>\n<meta property=\"og:url\" content=\"https:\/\/www.gnosisxxi.mx\/es\/conexion-con-el-mundo\/\" \/>\n<meta property=\"og:site_name\" content=\"Gnosis XXI\" \/>\n<meta property=\"article:modified_time\" content=\"2020-08-12T04:59:17+00:00\" \/>\n<meta property=\"og:image\" content=\"https:\/\/www.gnosisxxi.mx\/wp-content\/uploads\/2019\/07\/banner_2.png\" \/>\n\t<meta property=\"og:image:width\" content=\"1920\" \/>\n\t<meta property=\"og:image:height\" content=\"300\" \/>\n\t<meta property=\"og:image:type\" content=\"image\/png\" \/>\n<meta name=\"twitter:card\" content=\"summary_large_image\" \/>\n<script type=\"application\/ld+json\" class=\"yoast-schema-graph\">{\"@context\":\"https:\\\/\\\/schema.org\",\"@graph\":[{\"@type\":\"WebPage\",\"@id\":\"https:\\\/\\\/www.gnosisxxi.mx\\\/es\\\/conexion-con-el-mundo\\\/\",\"url\":\"https:\\\/\\\/www.gnosisxxi.mx\\\/es\\\/conexion-con-el-mundo\\\/\",\"name\":\"Conexi\u00f3n con el mundo - Gnosis XXI\",\"isPartOf\":{\"@id\":\"https:\\\/\\\/www.gnosisxxi.mx\\\/es\\\/#website\"},\"primaryImageOfPage\":{\"@id\":\"https:\\\/\\\/www.gnosisxxi.mx\\\/es\\\/conexion-con-el-mundo\\\/#primaryimage\"},\"image\":{\"@id\":\"https:\\\/\\\/www.gnosisxxi.mx\\\/es\\\/conexion-con-el-mundo\\\/#primaryimage\"},\"thumbnailUrl\":\"https:\\\/\\\/www.gnosisxxi.mx\\\/wp-content\\\/uploads\\\/2019\\\/07\\\/banner_2.png\",\"datePublished\":\"2019-05-21T22:42:23+00:00\",\"dateModified\":\"2020-08-12T04:59:17+00:00\",\"description\":\"Nos establecemos como una ventana al Mundo, la que identifica propuestas de inter\u00e9s y ofrecerlas a los diferentes agentes interesados en el entorno local.\",\"breadcrumb\":{\"@id\":\"https:\\\/\\\/www.gnosisxxi.mx\\\/es\\\/conexion-con-el-mundo\\\/#breadcrumb\"},\"inLanguage\":\"es\",\"potentialAction\":[{\"@type\":\"ReadAction\",\"target\":[\"https:\\\/\\\/www.gnosisxxi.mx\\\/es\\\/conexion-con-el-mundo\\\/\"]}]},{\"@type\":\"ImageObject\",\"inLanguage\":\"es\",\"@id\":\"https:\\\/\\\/www.gnosisxxi.mx\\\/es\\\/conexion-con-el-mundo\\\/#primaryimage\",\"url\":\"https:\\\/\\\/www.gnosisxxi.mx\\\/wp-content\\\/uploads\\\/2019\\\/07\\\/banner_2.png\",\"contentUrl\":\"https:\\\/\\\/www.gnosisxxi.mx\\\/wp-content\\\/uploads\\\/2019\\\/07\\\/banner_2.png\",\"width\":1920,\"height\":300,\"caption\":\"banner_2\"},{\"@type\":\"BreadcrumbList\",\"@id\":\"https:\\\/\\\/www.gnosisxxi.mx\\\/es\\\/conexion-con-el-mundo\\\/#breadcrumb\",\"itemListElement\":[{\"@type\":\"ListItem\",\"position\":1,\"name\":\"Inicio\",\"item\":\"https:\\\/\\\/www.gnosisxxi.mx\\\/es\\\/\"},{\"@type\":\"ListItem\",\"position\":2,\"name\":\"Conexi\u00f3n con el mundo\"}]},{\"@type\":\"WebSite\",\"@id\":\"https:\\\/\\\/www.gnosisxxi.mx\\\/es\\\/#website\",\"url\":\"https:\\\/\\\/www.gnosisxxi.mx\\\/es\\\/\",\"name\":\"Gnosis XXI\",\"description\":\"Gnosis XXI aplicando el conocimiento y construyendo redes de apoyo para acompa\u00f1ar a las empresas y gobiernos a lograr el \u00e9xito en su prop\u00f3sito con eficiencia y efectividad.\",\"potentialAction\":[{\"@type\":\"SearchAction\",\"target\":{\"@type\":\"EntryPoint\",\"urlTemplate\":\"https:\\\/\\\/www.gnosisxxi.mx\\\/es\\\/?s={search_term_string}\"},\"query-input\":{\"@type\":\"PropertyValueSpecification\",\"valueRequired\":true,\"valueName\":\"search_term_string\"}}],\"inLanguage\":\"es\"}]}<\/script>\n<!-- \/ Yoast SEO plugin. -->","yoast_head_json":{"title":"Conexi\u00f3n con el mundo - Gnosis XXI","description":"Nos establecemos como una ventana al Mundo, la que identifica propuestas de inter\u00e9s y ofrecerlas a los diferentes agentes interesados en el entorno local.","robots":{"index":"index","follow":"follow","max-snippet":"max-snippet:-1","max-image-preview":"max-image-preview:large","max-video-preview":"max-video-preview:-1"},"canonical":"https:\/\/www.gnosisxxi.mx\/es\/conexion-con-el-mundo\/","og_locale":"es_MX","og_type":"article","og_title":"Conexi\u00f3n con el mundo - Gnosis XXI","og_description":"Nos establecemos como una ventana al Mundo, la que identifica propuestas de inter\u00e9s y ofrecerlas a los diferentes agentes interesados en el entorno local.","og_url":"https:\/\/www.gnosisxxi.mx\/es\/conexion-con-el-mundo\/","og_site_name":"Gnosis XXI","article_modified_time":"2020-08-12T04:59:17+00:00","og_image":[{"width":1920,"height":300,"url":"https:\/\/www.gnosisxxi.mx\/wp-content\/uploads\/2019\/07\/banner_2.png","type":"image\/png"}],"twitter_card":"summary_large_image","schema":{"@context":"https:\/\/schema.org","@graph":[{"@type":"WebPage","@id":"https:\/\/www.gnosisxxi.mx\/es\/conexion-con-el-mundo\/","url":"https:\/\/www.gnosisxxi.mx\/es\/conexion-con-el-mundo\/","name":"Conexi\u00f3n con el mundo - Gnosis XXI","isPartOf":{"@id":"https:\/\/www.gnosisxxi.mx\/es\/#website"},"primaryImageOfPage":{"@id":"https:\/\/www.gnosisxxi.mx\/es\/conexion-con-el-mundo\/#primaryimage"},"image":{"@id":"https:\/\/www.gnosisxxi.mx\/es\/conexion-con-el-mundo\/#primaryimage"},"thumbnailUrl":"https:\/\/www.gnosisxxi.mx\/wp-content\/uploads\/2019\/07\/banner_2.png","datePublished":"2019-05-21T22:42:23+00:00","dateModified":"2020-08-12T04:59:17+00:00","description":"Nos establecemos como una ventana al Mundo, la que identifica propuestas de inter\u00e9s y ofrecerlas a los diferentes agentes interesados en el entorno local.","breadcrumb":{"@id":"https:\/\/www.gnosisxxi.mx\/es\/conexion-con-el-mundo\/#breadcrumb"},"inLanguage":"es","potentialAction":[{"@type":"ReadAction","target":["https:\/\/www.gnosisxxi.mx\/es\/conexion-con-el-mundo\/"]}]},{"@type":"ImageObject","inLanguage":"es","@id":"https:\/\/www.gnosisxxi.mx\/es\/conexion-con-el-mundo\/#primaryimage","url":"https:\/\/www.gnosisxxi.mx\/wp-content\/uploads\/2019\/07\/banner_2.png","contentUrl":"https:\/\/www.gnosisxxi.mx\/wp-content\/uploads\/2019\/07\/banner_2.png","width":1920,"height":300,"caption":"banner_2"},{"@type":"BreadcrumbList","@id":"https:\/\/www.gnosisxxi.mx\/es\/conexion-con-el-mundo\/#breadcrumb","itemListElement":[{"@type":"ListItem","position":1,"name":"Inicio","item":"https:\/\/www.gnosisxxi.mx\/es\/"},{"@type":"ListItem","position":2,"name":"Conexi\u00f3n con el mundo"}]},{"@type":"WebSite","@id":"https:\/\/www.gnosisxxi.mx\/es\/#website","url":"https:\/\/www.gnosisxxi.mx\/es\/","name":"Gnosis XXI","description":"Gnosis XXI aplicando el conocimiento y construyendo redes de apoyo para acompa\u00f1ar a las empresas y gobiernos a lograr el \u00e9xito en su prop\u00f3sito con eficiencia y efectividad.","potentialAction":[{"@type":"SearchAction","target":{"@type":"EntryPoint","urlTemplate":"https:\/\/www.gnosisxxi.mx\/es\/?s={search_term_string}"},"query-input":{"@type":"PropertyValueSpecification","valueRequired":true,"valueName":"search_term_string"}}],"inLanguage":"es"}]}},"_links":{"self":[{"href":"https:\/\/www.gnosisxxi.mx\/es\/wp-json\/wp\/v2\/pages\/23","targetHints":{"allow":["GET"]}}],"collection":[{"href":"https:\/\/www.gnosisxxi.mx\/es\/wp-json\/wp\/v2\/pages"}],"about":[{"href":"https:\/\/www.gnosisxxi.mx\/es\/wp-json\/wp\/v2\/types\/page"}],"author":[{"embeddable":true,"href":"https:\/\/www.gnosisxxi.mx\/es\/wp-json\/wp\/v2\/users\/8"}],"replies":[{"embeddable":true,"href":"https:\/\/www.gnosisxxi.mx\/es\/wp-json\/wp\/v2\/comments?post=23"}],"version-history":[{"count":3,"href":"https:\/\/www.gnosisxxi.mx\/es\/wp-json\/wp\/v2\/pages\/23\/revisions"}],"predecessor-version":[{"id":57,"href":"https:\/\/www.gnosisxxi.mx\/es\/wp-json\/wp\/v2\/pages\/23\/revisions\/57"}],"wp:featuredmedia":[{"embeddable":true,"href":"https:\/\/www.gnosisxxi.mx\/es\/wp-json\/wp\/v2\/media\/345"}],"wp:attachment":[{"href":"https:\/\/www.gnosisxxi.mx\/es\/wp-json\/wp\/v2\/media?parent=23"}],"curies":[{"name":"wp","href":"https:\/\/api.w.org\/{rel}","templated":true}]}}