{"id":39,"date":"2019-05-21T17:51:09","date_gmt":"2019-05-21T22:51:09","guid":{"rendered":"http:\/\/www.gnosisxxi.mx\/?page_id=39"},"modified":"2019-09-16T11:52:46","modified_gmt":"2019-09-16T16:52:46","slug":"responsability","status":"publish","type":"page","link":"https:\/\/www.gnosisxxi.mx\/en\/responsability\/","title":{"rendered":"Responsibility"},"content":{"rendered":"<p>It is useless to achieve economic and personal success if our community nearby is not able to be fully developed and to achieve better levels of wealth.<\/p>\n<p>Commitment to all the people and organizations looking to maximize at all times their development and wealth through\u00a0 respect and responsibility.<\/p>\n<p><span title=\"\">Participate actively in the inclusive development of communities and regions where Gnosis XXI operates by contributing through citizen councils, business chambers, civil organizations and\/or through proposals or initiatives, collaborating at all times with the three levels<\/span> <span title=\"\">of government, with social organization centers that promote wealth and proposes and acts in the development of initiatives that improve the quality of life of people and regions.<\/span><\/p>\n","protected":false},"excerpt":{"rendered":"<p>It is useless to achieve economic and personal success if our community nearby is not able to be fully developed and to achieve better levels of wealth. Commitment to all the people and organizations looking to maximize at all times their development and wealth through\u00a0 respect and responsibility. Participate actively in the inclusive development of [&hellip;]<\/p>\n","protected":false},"author":8,"featured_media":370,"parent":0,"menu_order":0,"comment_status":"closed","ping_status":"closed","template":"","meta":{"footnotes":""},"class_list":["post-39","page","type-page","status-publish","has-post-thumbnail","hentry"],"yoast_head":"<!-- This site is optimized with the Yoast SEO plugin v27.4 - https:\/\/yoast.com\/product\/yoast-seo-wordpress\/ -->\n<title>Responsibility - Gnosis XXI<\/title>\n<meta name=\"description\" content=\"It is useless to achieve economic and personal success if our community nearby is not able to be fully developed and to achieve better levels of wealth.\" \/>\n<meta name=\"robots\" content=\"index, follow, max-snippet:-1, max-image-preview:large, max-video-preview:-1\" \/>\n<link rel=\"canonical\" href=\"https:\/\/www.gnosisxxi.mx\/en\/responsability\/\" \/>\n<meta property=\"og:locale\" content=\"en_US\" \/>\n<meta property=\"og:type\" content=\"article\" \/>\n<meta property=\"og:title\" content=\"Responsibility - Gnosis XXI\" \/>\n<meta property=\"og:description\" content=\"It is useless to achieve economic and personal success if our community nearby is not able to be fully developed and to achieve better levels of wealth.\" \/>\n<meta property=\"og:url\" content=\"https:\/\/www.gnosisxxi.mx\/en\/responsability\/\" \/>\n<meta property=\"og:site_name\" content=\"Gnosis XXI\" \/>\n<meta property=\"article:modified_time\" content=\"2019-09-16T16:52:46+00:00\" \/>\n<meta property=\"og:image\" content=\"https:\/\/www.gnosisxxi.mx\/wp-content\/uploads\/2019\/07\/h-resoposnabilidad-social.jpg\" \/>\n\t<meta property=\"og:image:width\" content=\"1920\" \/>\n\t<meta property=\"og:image:height\" content=\"300\" \/>\n\t<meta property=\"og:image:type\" content=\"image\/jpeg\" \/>\n<meta name=\"twitter:card\" content=\"summary_large_image\" \/>\n<meta name=\"twitter:label1\" content=\"Est. reading time\" \/>\n\t<meta name=\"twitter:data1\" content=\"1 minute\" \/>\n<script type=\"application\/ld+json\" class=\"yoast-schema-graph\">{\"@context\":\"https:\\\/\\\/schema.org\",\"@graph\":[{\"@type\":\"WebPage\",\"@id\":\"https:\\\/\\\/www.gnosisxxi.mx\\\/en\\\/responsability\\\/\",\"url\":\"https:\\\/\\\/www.gnosisxxi.mx\\\/en\\\/responsability\\\/\",\"name\":\"Responsibility - Gnosis XXI\",\"isPartOf\":{\"@id\":\"https:\\\/\\\/www.gnosisxxi.mx\\\/en\\\/#website\"},\"primaryImageOfPage\":{\"@id\":\"https:\\\/\\\/www.gnosisxxi.mx\\\/en\\\/responsability\\\/#primaryimage\"},\"image\":{\"@id\":\"https:\\\/\\\/www.gnosisxxi.mx\\\/en\\\/responsability\\\/#primaryimage\"},\"thumbnailUrl\":\"https:\\\/\\\/www.gnosisxxi.mx\\\/wp-content\\\/uploads\\\/2019\\\/07\\\/h-resoposnabilidad-social.jpg\",\"datePublished\":\"2019-05-21T22:51:09+00:00\",\"dateModified\":\"2019-09-16T16:52:46+00:00\",\"description\":\"It is useless to achieve economic and personal success if our community nearby is not able to be fully developed and to achieve better levels of wealth.\",\"breadcrumb\":{\"@id\":\"https:\\\/\\\/www.gnosisxxi.mx\\\/en\\\/responsability\\\/#breadcrumb\"},\"inLanguage\":\"en-US\",\"potentialAction\":[{\"@type\":\"ReadAction\",\"target\":[\"https:\\\/\\\/www.gnosisxxi.mx\\\/en\\\/responsability\\\/\"]}]},{\"@type\":\"ImageObject\",\"inLanguage\":\"en-US\",\"@id\":\"https:\\\/\\\/www.gnosisxxi.mx\\\/en\\\/responsability\\\/#primaryimage\",\"url\":\"https:\\\/\\\/www.gnosisxxi.mx\\\/wp-content\\\/uploads\\\/2019\\\/07\\\/h-resoposnabilidad-social.jpg\",\"contentUrl\":\"https:\\\/\\\/www.gnosisxxi.mx\\\/wp-content\\\/uploads\\\/2019\\\/07\\\/h-resoposnabilidad-social.jpg\",\"width\":1920,\"height\":300},{\"@type\":\"BreadcrumbList\",\"@id\":\"https:\\\/\\\/www.gnosisxxi.mx\\\/en\\\/responsability\\\/#breadcrumb\",\"itemListElement\":[{\"@type\":\"ListItem\",\"position\":1,\"name\":\"Inicio\",\"item\":\"https:\\\/\\\/www.gnosisxxi.mx\\\/en\\\/\"},{\"@type\":\"ListItem\",\"position\":2,\"name\":\"Responsibility\"}]},{\"@type\":\"WebSite\",\"@id\":\"https:\\\/\\\/www.gnosisxxi.mx\\\/en\\\/#website\",\"url\":\"https:\\\/\\\/www.gnosisxxi.mx\\\/en\\\/\",\"name\":\"Gnosis XXI\",\"description\":\"Gnosis XXI aplicando el conocimiento y construyendo redes de apoyo para acompa\u00f1ar a las empresas y gobiernos a lograr el \u00e9xito en su prop\u00f3sito con eficiencia y efectividad.\",\"potentialAction\":[{\"@type\":\"SearchAction\",\"target\":{\"@type\":\"EntryPoint\",\"urlTemplate\":\"https:\\\/\\\/www.gnosisxxi.mx\\\/en\\\/?s={search_term_string}\"},\"query-input\":{\"@type\":\"PropertyValueSpecification\",\"valueRequired\":true,\"valueName\":\"search_term_string\"}}],\"inLanguage\":\"en-US\"}]}<\/script>\n<!-- \/ Yoast SEO plugin. -->","yoast_head_json":{"title":"Responsibility - Gnosis XXI","description":"It is useless to achieve economic and personal success if our community nearby is not able to be fully developed and to achieve better levels of wealth.","robots":{"index":"index","follow":"follow","max-snippet":"max-snippet:-1","max-image-preview":"max-image-preview:large","max-video-preview":"max-video-preview:-1"},"canonical":"https:\/\/www.gnosisxxi.mx\/en\/responsability\/","og_locale":"en_US","og_type":"article","og_title":"Responsibility - Gnosis XXI","og_description":"It is useless to achieve economic and personal success if our community nearby is not able to be fully developed and to achieve better levels of wealth.","og_url":"https:\/\/www.gnosisxxi.mx\/en\/responsability\/","og_site_name":"Gnosis XXI","article_modified_time":"2019-09-16T16:52:46+00:00","og_image":[{"width":1920,"height":300,"url":"https:\/\/www.gnosisxxi.mx\/wp-content\/uploads\/2019\/07\/h-resoposnabilidad-social.jpg","type":"image\/jpeg"}],"twitter_card":"summary_large_image","twitter_misc":{"Est. reading time":"1 minute"},"schema":{"@context":"https:\/\/schema.org","@graph":[{"@type":"WebPage","@id":"https:\/\/www.gnosisxxi.mx\/en\/responsability\/","url":"https:\/\/www.gnosisxxi.mx\/en\/responsability\/","name":"Responsibility - Gnosis XXI","isPartOf":{"@id":"https:\/\/www.gnosisxxi.mx\/en\/#website"},"primaryImageOfPage":{"@id":"https:\/\/www.gnosisxxi.mx\/en\/responsability\/#primaryimage"},"image":{"@id":"https:\/\/www.gnosisxxi.mx\/en\/responsability\/#primaryimage"},"thumbnailUrl":"https:\/\/www.gnosisxxi.mx\/wp-content\/uploads\/2019\/07\/h-resoposnabilidad-social.jpg","datePublished":"2019-05-21T22:51:09+00:00","dateModified":"2019-09-16T16:52:46+00:00","description":"It is useless to achieve economic and personal success if our community nearby is not able to be fully developed and to achieve better levels of wealth.","breadcrumb":{"@id":"https:\/\/www.gnosisxxi.mx\/en\/responsability\/#breadcrumb"},"inLanguage":"en-US","potentialAction":[{"@type":"ReadAction","target":["https:\/\/www.gnosisxxi.mx\/en\/responsability\/"]}]},{"@type":"ImageObject","inLanguage":"en-US","@id":"https:\/\/www.gnosisxxi.mx\/en\/responsability\/#primaryimage","url":"https:\/\/www.gnosisxxi.mx\/wp-content\/uploads\/2019\/07\/h-resoposnabilidad-social.jpg","contentUrl":"https:\/\/www.gnosisxxi.mx\/wp-content\/uploads\/2019\/07\/h-resoposnabilidad-social.jpg","width":1920,"height":300},{"@type":"BreadcrumbList","@id":"https:\/\/www.gnosisxxi.mx\/en\/responsability\/#breadcrumb","itemListElement":[{"@type":"ListItem","position":1,"name":"Inicio","item":"https:\/\/www.gnosisxxi.mx\/en\/"},{"@type":"ListItem","position":2,"name":"Responsibility"}]},{"@type":"WebSite","@id":"https:\/\/www.gnosisxxi.mx\/en\/#website","url":"https:\/\/www.gnosisxxi.mx\/en\/","name":"Gnosis XXI","description":"Gnosis XXI aplicando el conocimiento y construyendo redes de apoyo para acompa\u00f1ar a las empresas y gobiernos a lograr el \u00e9xito en su prop\u00f3sito con eficiencia y efectividad.","potentialAction":[{"@type":"SearchAction","target":{"@type":"EntryPoint","urlTemplate":"https:\/\/www.gnosisxxi.mx\/en\/?s={search_term_string}"},"query-input":{"@type":"PropertyValueSpecification","valueRequired":true,"valueName":"search_term_string"}}],"inLanguage":"en-US"}]}},"_links":{"self":[{"href":"https:\/\/www.gnosisxxi.mx\/en\/wp-json\/wp\/v2\/pages\/39","targetHints":{"allow":["GET"]}}],"collection":[{"href":"https:\/\/www.gnosisxxi.mx\/en\/wp-json\/wp\/v2\/pages"}],"about":[{"href":"https:\/\/www.gnosisxxi.mx\/en\/wp-json\/wp\/v2\/types\/page"}],"author":[{"embeddable":true,"href":"https:\/\/www.gnosisxxi.mx\/en\/wp-json\/wp\/v2\/users\/8"}],"replies":[{"embeddable":true,"href":"https:\/\/www.gnosisxxi.mx\/en\/wp-json\/wp\/v2\/comments?post=39"}],"version-history":[{"count":10,"href":"https:\/\/www.gnosisxxi.mx\/en\/wp-json\/wp\/v2\/pages\/39\/revisions"}],"predecessor-version":[{"id":589,"href":"https:\/\/www.gnosisxxi.mx\/en\/wp-json\/wp\/v2\/pages\/39\/revisions\/589"}],"wp:featuredmedia":[{"embeddable":true,"href":"https:\/\/www.gnosisxxi.mx\/en\/wp-json\/wp\/v2\/media\/370"}],"wp:attachment":[{"href":"https:\/\/www.gnosisxxi.mx\/en\/wp-json\/wp\/v2\/media?parent=39"}],"curies":[{"name":"wp","href":"https:\/\/api.w.org\/{rel}","templated":true}]}}