{"id":248,"date":"2019-07-09T12:40:43","date_gmt":"2019-07-09T17:40:43","guid":{"rendered":"http:\/\/www.gnosisxxi.mx\/?page_id=248"},"modified":"2019-09-16T11:54:57","modified_gmt":"2019-09-16T16:54:57","slug":"alliances","status":"publish","type":"page","link":"https:\/\/www.gnosisxxi.mx\/en\/alliances-linkeage\/alliances\/","title":{"rendered":"Allies"},"content":{"rendered":"<p>Adding talents, building solutions.<\/p>\n","protected":false},"excerpt":{"rendered":"<p>Adding talents, building solutions.<\/p>\n","protected":false},"author":8,"featured_media":387,"parent":73,"menu_order":0,"comment_status":"closed","ping_status":"closed","template":"alliances.php","meta":{"footnotes":""},"class_list":["post-248","page","type-page","status-publish","has-post-thumbnail","hentry"],"yoast_head":"<!-- This site is optimized with the Yoast SEO plugin v27.4 - https:\/\/yoast.com\/product\/yoast-seo-wordpress\/ -->\n<title>Allies - Gnosis XXI<\/title>\n<meta name=\"description\" content=\"Adding talents, building solutions.\" \/>\n<meta name=\"robots\" content=\"index, follow, max-snippet:-1, max-image-preview:large, max-video-preview:-1\" \/>\n<link rel=\"canonical\" href=\"https:\/\/www.gnosisxxi.mx\/en\/alliances-linkeage\/alliances\/\" \/>\n<meta property=\"og:locale\" content=\"en_US\" \/>\n<meta property=\"og:type\" content=\"article\" \/>\n<meta property=\"og:title\" content=\"Allies - Gnosis XXI\" \/>\n<meta property=\"og:description\" content=\"Adding talents, building solutions.\" \/>\n<meta property=\"og:url\" content=\"https:\/\/www.gnosisxxi.mx\/en\/alliances-linkeage\/alliances\/\" \/>\n<meta property=\"og:site_name\" content=\"Gnosis XXI\" \/>\n<meta property=\"article:modified_time\" content=\"2019-09-16T16:54:57+00:00\" \/>\n<meta property=\"og:image\" content=\"https:\/\/www.gnosisxxi.mx\/wp-content\/uploads\/2019\/07\/h-alianzas.jpg\" \/>\n\t<meta property=\"og:image:width\" content=\"1920\" \/>\n\t<meta property=\"og:image:height\" content=\"300\" \/>\n\t<meta property=\"og:image:type\" content=\"image\/jpeg\" \/>\n<meta name=\"twitter:card\" content=\"summary_large_image\" \/>\n<script type=\"application\/ld+json\" class=\"yoast-schema-graph\">{\"@context\":\"https:\\\/\\\/schema.org\",\"@graph\":[{\"@type\":\"WebPage\",\"@id\":\"https:\\\/\\\/www.gnosisxxi.mx\\\/en\\\/alliances-linkeage\\\/alliances\\\/\",\"url\":\"https:\\\/\\\/www.gnosisxxi.mx\\\/en\\\/alliances-linkeage\\\/alliances\\\/\",\"name\":\"Allies - Gnosis XXI\",\"isPartOf\":{\"@id\":\"https:\\\/\\\/www.gnosisxxi.mx\\\/en\\\/#website\"},\"primaryImageOfPage\":{\"@id\":\"https:\\\/\\\/www.gnosisxxi.mx\\\/en\\\/alliances-linkeage\\\/alliances\\\/#primaryimage\"},\"image\":{\"@id\":\"https:\\\/\\\/www.gnosisxxi.mx\\\/en\\\/alliances-linkeage\\\/alliances\\\/#primaryimage\"},\"thumbnailUrl\":\"https:\\\/\\\/www.gnosisxxi.mx\\\/wp-content\\\/uploads\\\/2019\\\/07\\\/h-alianzas.jpg\",\"datePublished\":\"2019-07-09T17:40:43+00:00\",\"dateModified\":\"2019-09-16T16:54:57+00:00\",\"description\":\"Adding talents, building solutions.\",\"breadcrumb\":{\"@id\":\"https:\\\/\\\/www.gnosisxxi.mx\\\/en\\\/alliances-linkeage\\\/alliances\\\/#breadcrumb\"},\"inLanguage\":\"en-US\",\"potentialAction\":[{\"@type\":\"ReadAction\",\"target\":[\"https:\\\/\\\/www.gnosisxxi.mx\\\/en\\\/alliances-linkeage\\\/alliances\\\/\"]}]},{\"@type\":\"ImageObject\",\"inLanguage\":\"en-US\",\"@id\":\"https:\\\/\\\/www.gnosisxxi.mx\\\/en\\\/alliances-linkeage\\\/alliances\\\/#primaryimage\",\"url\":\"https:\\\/\\\/www.gnosisxxi.mx\\\/wp-content\\\/uploads\\\/2019\\\/07\\\/h-alianzas.jpg\",\"contentUrl\":\"https:\\\/\\\/www.gnosisxxi.mx\\\/wp-content\\\/uploads\\\/2019\\\/07\\\/h-alianzas.jpg\",\"width\":1920,\"height\":300},{\"@type\":\"BreadcrumbList\",\"@id\":\"https:\\\/\\\/www.gnosisxxi.mx\\\/en\\\/alliances-linkeage\\\/alliances\\\/#breadcrumb\",\"itemListElement\":[{\"@type\":\"ListItem\",\"position\":1,\"name\":\"Inicio\",\"item\":\"https:\\\/\\\/www.gnosisxxi.mx\\\/en\\\/\"},{\"@type\":\"ListItem\",\"position\":2,\"name\":\"Allies and Links\",\"item\":\"https:\\\/\\\/www.gnosisxxi.mx\\\/en\\\/alliances-linkeage\\\/\"},{\"@type\":\"ListItem\",\"position\":3,\"name\":\"Allies\"}]},{\"@type\":\"WebSite\",\"@id\":\"https:\\\/\\\/www.gnosisxxi.mx\\\/en\\\/#website\",\"url\":\"https:\\\/\\\/www.gnosisxxi.mx\\\/en\\\/\",\"name\":\"Gnosis XXI\",\"description\":\"Gnosis XXI aplicando el conocimiento y construyendo redes de apoyo para acompa\u00f1ar a las empresas y gobiernos a lograr el \u00e9xito en su prop\u00f3sito con eficiencia y efectividad.\",\"potentialAction\":[{\"@type\":\"SearchAction\",\"target\":{\"@type\":\"EntryPoint\",\"urlTemplate\":\"https:\\\/\\\/www.gnosisxxi.mx\\\/en\\\/?s={search_term_string}\"},\"query-input\":{\"@type\":\"PropertyValueSpecification\",\"valueRequired\":true,\"valueName\":\"search_term_string\"}}],\"inLanguage\":\"en-US\"}]}<\/script>\n<!-- \/ Yoast SEO plugin. -->","yoast_head_json":{"title":"Allies - Gnosis XXI","description":"Adding talents, building solutions.","robots":{"index":"index","follow":"follow","max-snippet":"max-snippet:-1","max-image-preview":"max-image-preview:large","max-video-preview":"max-video-preview:-1"},"canonical":"https:\/\/www.gnosisxxi.mx\/en\/alliances-linkeage\/alliances\/","og_locale":"en_US","og_type":"article","og_title":"Allies - Gnosis XXI","og_description":"Adding talents, building solutions.","og_url":"https:\/\/www.gnosisxxi.mx\/en\/alliances-linkeage\/alliances\/","og_site_name":"Gnosis XXI","article_modified_time":"2019-09-16T16:54:57+00:00","og_image":[{"width":1920,"height":300,"url":"https:\/\/www.gnosisxxi.mx\/wp-content\/uploads\/2019\/07\/h-alianzas.jpg","type":"image\/jpeg"}],"twitter_card":"summary_large_image","schema":{"@context":"https:\/\/schema.org","@graph":[{"@type":"WebPage","@id":"https:\/\/www.gnosisxxi.mx\/en\/alliances-linkeage\/alliances\/","url":"https:\/\/www.gnosisxxi.mx\/en\/alliances-linkeage\/alliances\/","name":"Allies - Gnosis XXI","isPartOf":{"@id":"https:\/\/www.gnosisxxi.mx\/en\/#website"},"primaryImageOfPage":{"@id":"https:\/\/www.gnosisxxi.mx\/en\/alliances-linkeage\/alliances\/#primaryimage"},"image":{"@id":"https:\/\/www.gnosisxxi.mx\/en\/alliances-linkeage\/alliances\/#primaryimage"},"thumbnailUrl":"https:\/\/www.gnosisxxi.mx\/wp-content\/uploads\/2019\/07\/h-alianzas.jpg","datePublished":"2019-07-09T17:40:43+00:00","dateModified":"2019-09-16T16:54:57+00:00","description":"Adding talents, building solutions.","breadcrumb":{"@id":"https:\/\/www.gnosisxxi.mx\/en\/alliances-linkeage\/alliances\/#breadcrumb"},"inLanguage":"en-US","potentialAction":[{"@type":"ReadAction","target":["https:\/\/www.gnosisxxi.mx\/en\/alliances-linkeage\/alliances\/"]}]},{"@type":"ImageObject","inLanguage":"en-US","@id":"https:\/\/www.gnosisxxi.mx\/en\/alliances-linkeage\/alliances\/#primaryimage","url":"https:\/\/www.gnosisxxi.mx\/wp-content\/uploads\/2019\/07\/h-alianzas.jpg","contentUrl":"https:\/\/www.gnosisxxi.mx\/wp-content\/uploads\/2019\/07\/h-alianzas.jpg","width":1920,"height":300},{"@type":"BreadcrumbList","@id":"https:\/\/www.gnosisxxi.mx\/en\/alliances-linkeage\/alliances\/#breadcrumb","itemListElement":[{"@type":"ListItem","position":1,"name":"Inicio","item":"https:\/\/www.gnosisxxi.mx\/en\/"},{"@type":"ListItem","position":2,"name":"Allies and Links","item":"https:\/\/www.gnosisxxi.mx\/en\/alliances-linkeage\/"},{"@type":"ListItem","position":3,"name":"Allies"}]},{"@type":"WebSite","@id":"https:\/\/www.gnosisxxi.mx\/en\/#website","url":"https:\/\/www.gnosisxxi.mx\/en\/","name":"Gnosis XXI","description":"Gnosis XXI aplicando el conocimiento y construyendo redes de apoyo para acompa\u00f1ar a las empresas y gobiernos a lograr el \u00e9xito en su prop\u00f3sito con eficiencia y efectividad.","potentialAction":[{"@type":"SearchAction","target":{"@type":"EntryPoint","urlTemplate":"https:\/\/www.gnosisxxi.mx\/en\/?s={search_term_string}"},"query-input":{"@type":"PropertyValueSpecification","valueRequired":true,"valueName":"search_term_string"}}],"inLanguage":"en-US"}]}},"_links":{"self":[{"href":"https:\/\/www.gnosisxxi.mx\/en\/wp-json\/wp\/v2\/pages\/248","targetHints":{"allow":["GET"]}}],"collection":[{"href":"https:\/\/www.gnosisxxi.mx\/en\/wp-json\/wp\/v2\/pages"}],"about":[{"href":"https:\/\/www.gnosisxxi.mx\/en\/wp-json\/wp\/v2\/types\/page"}],"author":[{"embeddable":true,"href":"https:\/\/www.gnosisxxi.mx\/en\/wp-json\/wp\/v2\/users\/8"}],"replies":[{"embeddable":true,"href":"https:\/\/www.gnosisxxi.mx\/en\/wp-json\/wp\/v2\/comments?post=248"}],"version-history":[{"count":5,"href":"https:\/\/www.gnosisxxi.mx\/en\/wp-json\/wp\/v2\/pages\/248\/revisions"}],"predecessor-version":[{"id":543,"href":"https:\/\/www.gnosisxxi.mx\/en\/wp-json\/wp\/v2\/pages\/248\/revisions\/543"}],"up":[{"embeddable":true,"href":"https:\/\/www.gnosisxxi.mx\/en\/wp-json\/wp\/v2\/pages\/73"}],"wp:featuredmedia":[{"embeddable":true,"href":"https:\/\/www.gnosisxxi.mx\/en\/wp-json\/wp\/v2\/media\/387"}],"wp:attachment":[{"href":"https:\/\/www.gnosisxxi.mx\/en\/wp-json\/wp\/v2\/media?parent=248"}],"curies":[{"name":"wp","href":"https:\/\/api.w.org\/{rel}","templated":true}]}}