{"id":21,"date":"2019-05-21T17:22:38","date_gmt":"2019-05-21T22:22:38","guid":{"rendered":"http:\/\/www.gnosisxxi.mx\/?page_id=21"},"modified":"2019-09-23T16:24:37","modified_gmt":"2019-09-23T21:24:37","slug":"home","status":"publish","type":"page","link":"https:\/\/www.gnosisxxi.mx\/en\/","title":{"rendered":"Home"},"content":{"rendered":"","protected":false},"excerpt":{"rendered":"","protected":false},"author":8,"featured_media":0,"parent":0,"menu_order":0,"comment_status":"closed","ping_status":"closed","template":"home-page.php","meta":{"footnotes":""},"class_list":["post-21","page","type-page","status-publish","hentry"],"yoast_head":"<!-- This site is optimized with the Yoast SEO plugin v27.4 - https:\/\/yoast.com\/product\/yoast-seo-wordpress\/ -->\n<title>Gnosis XXI - Applying knowledge<\/title>\n<meta name=\"description\" content=\"Building support networks for companies and governments to achieve success with efficiency, efficacy, and to integrate multidisciplinary work teams.\" \/>\n<meta name=\"robots\" content=\"index, follow, max-snippet:-1, max-image-preview:large, max-video-preview:-1\" \/>\n<link rel=\"canonical\" href=\"https:\/\/www.gnosisxxi.mx\/en\/\" \/>\n<meta property=\"og:locale\" content=\"en_US\" \/>\n<meta property=\"og:type\" content=\"article\" \/>\n<meta property=\"og:title\" content=\"Gnosis XXI - Applying knowledge\" \/>\n<meta property=\"og:description\" content=\"Building support networks for companies and governments to achieve success with efficiency, efficacy, and to integrate multidisciplinary work teams.\" \/>\n<meta property=\"og:url\" content=\"https:\/\/www.gnosisxxi.mx\/en\/\" \/>\n<meta property=\"og:site_name\" content=\"Gnosis XXI\" \/>\n<meta property=\"article:modified_time\" content=\"2019-09-23T21:24:37+00:00\" \/>\n<meta name=\"twitter:card\" content=\"summary_large_image\" \/>\n<script type=\"application\/ld+json\" class=\"yoast-schema-graph\">{\"@context\":\"https:\\\/\\\/schema.org\",\"@graph\":[{\"@type\":\"WebPage\",\"@id\":\"https:\\\/\\\/www.gnosisxxi.mx\\\/en\\\/\",\"url\":\"https:\\\/\\\/www.gnosisxxi.mx\\\/en\\\/\",\"name\":\"Gnosis XXI - Applying knowledge\",\"isPartOf\":{\"@id\":\"https:\\\/\\\/www.gnosisxxi.mx\\\/en\\\/#website\"},\"datePublished\":\"2019-05-21T22:22:38+00:00\",\"dateModified\":\"2019-09-23T21:24:37+00:00\",\"description\":\"Building support networks for companies and governments to achieve success with efficiency, efficacy, and to integrate multidisciplinary work teams.\",\"breadcrumb\":{\"@id\":\"https:\\\/\\\/www.gnosisxxi.mx\\\/en\\\/#breadcrumb\"},\"inLanguage\":\"en-US\",\"potentialAction\":[{\"@type\":\"ReadAction\",\"target\":[\"https:\\\/\\\/www.gnosisxxi.mx\\\/en\\\/\"]}]},{\"@type\":\"BreadcrumbList\",\"@id\":\"https:\\\/\\\/www.gnosisxxi.mx\\\/en\\\/#breadcrumb\",\"itemListElement\":[{\"@type\":\"ListItem\",\"position\":1,\"name\":\"Inicio\",\"item\":\"https:\\\/\\\/www.gnosisxxi.mx\\\/en\\\/\"},{\"@type\":\"ListItem\",\"position\":2,\"name\":\"Home\"}]},{\"@type\":\"WebSite\",\"@id\":\"https:\\\/\\\/www.gnosisxxi.mx\\\/en\\\/#website\",\"url\":\"https:\\\/\\\/www.gnosisxxi.mx\\\/en\\\/\",\"name\":\"Gnosis XXI\",\"description\":\"Gnosis XXI aplicando el conocimiento y construyendo redes de apoyo para acompa\u00f1ar a las empresas y gobiernos a lograr el \u00e9xito en su prop\u00f3sito con eficiencia y efectividad.\",\"potentialAction\":[{\"@type\":\"SearchAction\",\"target\":{\"@type\":\"EntryPoint\",\"urlTemplate\":\"https:\\\/\\\/www.gnosisxxi.mx\\\/en\\\/?s={search_term_string}\"},\"query-input\":{\"@type\":\"PropertyValueSpecification\",\"valueRequired\":true,\"valueName\":\"search_term_string\"}}],\"inLanguage\":\"en-US\"}]}<\/script>\n<!-- \/ Yoast SEO plugin. -->","yoast_head_json":{"title":"Gnosis XXI - Applying knowledge","description":"Building support networks for companies and governments to achieve success with efficiency, efficacy, and to integrate multidisciplinary work teams.","robots":{"index":"index","follow":"follow","max-snippet":"max-snippet:-1","max-image-preview":"max-image-preview:large","max-video-preview":"max-video-preview:-1"},"canonical":"https:\/\/www.gnosisxxi.mx\/en\/","og_locale":"en_US","og_type":"article","og_title":"Gnosis XXI - Applying knowledge","og_description":"Building support networks for companies and governments to achieve success with efficiency, efficacy, and to integrate multidisciplinary work teams.","og_url":"https:\/\/www.gnosisxxi.mx\/en\/","og_site_name":"Gnosis XXI","article_modified_time":"2019-09-23T21:24:37+00:00","twitter_card":"summary_large_image","schema":{"@context":"https:\/\/schema.org","@graph":[{"@type":"WebPage","@id":"https:\/\/www.gnosisxxi.mx\/en\/","url":"https:\/\/www.gnosisxxi.mx\/en\/","name":"Gnosis XXI - Applying knowledge","isPartOf":{"@id":"https:\/\/www.gnosisxxi.mx\/en\/#website"},"datePublished":"2019-05-21T22:22:38+00:00","dateModified":"2019-09-23T21:24:37+00:00","description":"Building support networks for companies and governments to achieve success with efficiency, efficacy, and to integrate multidisciplinary work teams.","breadcrumb":{"@id":"https:\/\/www.gnosisxxi.mx\/en\/#breadcrumb"},"inLanguage":"en-US","potentialAction":[{"@type":"ReadAction","target":["https:\/\/www.gnosisxxi.mx\/en\/"]}]},{"@type":"BreadcrumbList","@id":"https:\/\/www.gnosisxxi.mx\/en\/#breadcrumb","itemListElement":[{"@type":"ListItem","position":1,"name":"Inicio","item":"https:\/\/www.gnosisxxi.mx\/en\/"},{"@type":"ListItem","position":2,"name":"Home"}]},{"@type":"WebSite","@id":"https:\/\/www.gnosisxxi.mx\/en\/#website","url":"https:\/\/www.gnosisxxi.mx\/en\/","name":"Gnosis XXI","description":"Gnosis XXI aplicando el conocimiento y construyendo redes de apoyo para acompa\u00f1ar a las empresas y gobiernos a lograr el \u00e9xito en su prop\u00f3sito con eficiencia y efectividad.","potentialAction":[{"@type":"SearchAction","target":{"@type":"EntryPoint","urlTemplate":"https:\/\/www.gnosisxxi.mx\/en\/?s={search_term_string}"},"query-input":{"@type":"PropertyValueSpecification","valueRequired":true,"valueName":"search_term_string"}}],"inLanguage":"en-US"}]}},"_links":{"self":[{"href":"https:\/\/www.gnosisxxi.mx\/en\/wp-json\/wp\/v2\/pages\/21","targetHints":{"allow":["GET"]}}],"collection":[{"href":"https:\/\/www.gnosisxxi.mx\/en\/wp-json\/wp\/v2\/pages"}],"about":[{"href":"https:\/\/www.gnosisxxi.mx\/en\/wp-json\/wp\/v2\/types\/page"}],"author":[{"embeddable":true,"href":"https:\/\/www.gnosisxxi.mx\/en\/wp-json\/wp\/v2\/users\/8"}],"replies":[{"embeddable":true,"href":"https:\/\/www.gnosisxxi.mx\/en\/wp-json\/wp\/v2\/comments?post=21"}],"version-history":[{"count":1,"href":"https:\/\/www.gnosisxxi.mx\/en\/wp-json\/wp\/v2\/pages\/21\/revisions"}],"predecessor-version":[{"id":22,"href":"https:\/\/www.gnosisxxi.mx\/en\/wp-json\/wp\/v2\/pages\/21\/revisions\/22"}],"wp:attachment":[{"href":"https:\/\/www.gnosisxxi.mx\/en\/wp-json\/wp\/v2\/media?parent=21"}],"curies":[{"name":"wp","href":"https:\/\/api.w.org\/{rel}","templated":true}]}}