{"id":17,"date":"2019-05-21T17:16:41","date_gmt":"2019-05-21T22:16:41","guid":{"rendered":"http:\/\/www.gnosisxxi.mx\/?page_id=17"},"modified":"2024-02-14T21:41:49","modified_gmt":"2024-02-15T03:41:49","slug":"adriana-maldonado-jimenez","status":"publish","type":"page","link":"https:\/\/www.gnosisxxi.mx\/en\/about-us\/adriana-maldonado-jimenez\/","title":{"rendered":"Adriana Maldonado Jim\u00e9nez"},"content":{"rendered":"","protected":false},"excerpt":{"rendered":"","protected":false},"author":8,"featured_media":0,"parent":212,"menu_order":0,"comment_status":"closed","ping_status":"closed","template":"adriana.php","meta":{"footnotes":""},"class_list":["post-17","page","type-page","status-publish","hentry"],"yoast_head":"<!-- This site is optimized with the Yoast SEO plugin v27.4 - https:\/\/yoast.com\/product\/yoast-seo-wordpress\/ -->\n<title>Adriana Maldonado Jim\u00e9nez - Gnosis XXI<\/title>\n<meta name=\"description\" content=\"High skills and leadership of multicultural and multidisciplinary team work. Design of new models within innovation framework. Problem solving focusing on high impact results. Expertise in Planning for Enterprise, Government and Regional Development.\" \/>\n<meta name=\"robots\" content=\"index, follow, max-snippet:-1, max-image-preview:large, max-video-preview:-1\" \/>\n<link rel=\"canonical\" href=\"https:\/\/www.gnosisxxi.mx\/en\/about-us\/adriana-maldonado-jimenez\/\" \/>\n<meta property=\"og:locale\" content=\"en_US\" \/>\n<meta property=\"og:type\" content=\"article\" \/>\n<meta property=\"og:title\" content=\"Adriana Maldonado Jim\u00e9nez - Gnosis XXI\" \/>\n<meta property=\"og:description\" content=\"High skills and leadership of multicultural and multidisciplinary team work. Design of new models within innovation framework. Problem solving focusing on high impact results. Expertise in Planning for Enterprise, Government and Regional Development.\" \/>\n<meta property=\"og:url\" content=\"https:\/\/www.gnosisxxi.mx\/en\/about-us\/adriana-maldonado-jimenez\/\" \/>\n<meta property=\"og:site_name\" content=\"Gnosis XXI\" \/>\n<meta property=\"article:modified_time\" content=\"2024-02-15T03:41:49+00:00\" \/>\n<meta name=\"twitter:card\" content=\"summary_large_image\" \/>\n<script type=\"application\/ld+json\" class=\"yoast-schema-graph\">{\"@context\":\"https:\\\/\\\/schema.org\",\"@graph\":[{\"@type\":\"WebPage\",\"@id\":\"https:\\\/\\\/www.gnosisxxi.mx\\\/en\\\/about-us\\\/adriana-maldonado-jimenez\\\/\",\"url\":\"https:\\\/\\\/www.gnosisxxi.mx\\\/en\\\/about-us\\\/adriana-maldonado-jimenez\\\/\",\"name\":\"Adriana Maldonado Jim\u00e9nez - Gnosis XXI\",\"isPartOf\":{\"@id\":\"https:\\\/\\\/www.gnosisxxi.mx\\\/en\\\/#website\"},\"datePublished\":\"2019-05-21T22:16:41+00:00\",\"dateModified\":\"2024-02-15T03:41:49+00:00\",\"description\":\"High skills and leadership of multicultural and multidisciplinary team work. Design of new models within innovation framework. Problem solving focusing on high impact results. Expertise in Planning for Enterprise, Government and Regional Development.\",\"breadcrumb\":{\"@id\":\"https:\\\/\\\/www.gnosisxxi.mx\\\/en\\\/about-us\\\/adriana-maldonado-jimenez\\\/#breadcrumb\"},\"inLanguage\":\"en-US\",\"potentialAction\":[{\"@type\":\"ReadAction\",\"target\":[\"https:\\\/\\\/www.gnosisxxi.mx\\\/en\\\/about-us\\\/adriana-maldonado-jimenez\\\/\"]}]},{\"@type\":\"BreadcrumbList\",\"@id\":\"https:\\\/\\\/www.gnosisxxi.mx\\\/en\\\/about-us\\\/adriana-maldonado-jimenez\\\/#breadcrumb\",\"itemListElement\":[{\"@type\":\"ListItem\",\"position\":1,\"name\":\"Inicio\",\"item\":\"https:\\\/\\\/www.gnosisxxi.mx\\\/en\\\/\"},{\"@type\":\"ListItem\",\"position\":2,\"name\":\"About us\",\"item\":\"https:\\\/\\\/www.gnosisxxi.mx\\\/en\\\/about-us\\\/\"},{\"@type\":\"ListItem\",\"position\":3,\"name\":\"Adriana Maldonado Jim\u00e9nez\"}]},{\"@type\":\"WebSite\",\"@id\":\"https:\\\/\\\/www.gnosisxxi.mx\\\/en\\\/#website\",\"url\":\"https:\\\/\\\/www.gnosisxxi.mx\\\/en\\\/\",\"name\":\"Gnosis XXI\",\"description\":\"Gnosis XXI aplicando el conocimiento y construyendo redes de apoyo para acompa\u00f1ar a las empresas y gobiernos a lograr el \u00e9xito en su prop\u00f3sito con eficiencia y efectividad.\",\"potentialAction\":[{\"@type\":\"SearchAction\",\"target\":{\"@type\":\"EntryPoint\",\"urlTemplate\":\"https:\\\/\\\/www.gnosisxxi.mx\\\/en\\\/?s={search_term_string}\"},\"query-input\":{\"@type\":\"PropertyValueSpecification\",\"valueRequired\":true,\"valueName\":\"search_term_string\"}}],\"inLanguage\":\"en-US\"}]}<\/script>\n<!-- \/ Yoast SEO plugin. -->","yoast_head_json":{"title":"Adriana Maldonado Jim\u00e9nez - Gnosis XXI","description":"High skills and leadership of multicultural and multidisciplinary team work. Design of new models within innovation framework. Problem solving focusing on high impact results. Expertise in Planning for Enterprise, Government and Regional Development.","robots":{"index":"index","follow":"follow","max-snippet":"max-snippet:-1","max-image-preview":"max-image-preview:large","max-video-preview":"max-video-preview:-1"},"canonical":"https:\/\/www.gnosisxxi.mx\/en\/about-us\/adriana-maldonado-jimenez\/","og_locale":"en_US","og_type":"article","og_title":"Adriana Maldonado Jim\u00e9nez - Gnosis XXI","og_description":"High skills and leadership of multicultural and multidisciplinary team work. Design of new models within innovation framework. Problem solving focusing on high impact results. Expertise in Planning for Enterprise, Government and Regional Development.","og_url":"https:\/\/www.gnosisxxi.mx\/en\/about-us\/adriana-maldonado-jimenez\/","og_site_name":"Gnosis XXI","article_modified_time":"2024-02-15T03:41:49+00:00","twitter_card":"summary_large_image","schema":{"@context":"https:\/\/schema.org","@graph":[{"@type":"WebPage","@id":"https:\/\/www.gnosisxxi.mx\/en\/about-us\/adriana-maldonado-jimenez\/","url":"https:\/\/www.gnosisxxi.mx\/en\/about-us\/adriana-maldonado-jimenez\/","name":"Adriana Maldonado Jim\u00e9nez - Gnosis XXI","isPartOf":{"@id":"https:\/\/www.gnosisxxi.mx\/en\/#website"},"datePublished":"2019-05-21T22:16:41+00:00","dateModified":"2024-02-15T03:41:49+00:00","description":"High skills and leadership of multicultural and multidisciplinary team work. Design of new models within innovation framework. Problem solving focusing on high impact results. Expertise in Planning for Enterprise, Government and Regional Development.","breadcrumb":{"@id":"https:\/\/www.gnosisxxi.mx\/en\/about-us\/adriana-maldonado-jimenez\/#breadcrumb"},"inLanguage":"en-US","potentialAction":[{"@type":"ReadAction","target":["https:\/\/www.gnosisxxi.mx\/en\/about-us\/adriana-maldonado-jimenez\/"]}]},{"@type":"BreadcrumbList","@id":"https:\/\/www.gnosisxxi.mx\/en\/about-us\/adriana-maldonado-jimenez\/#breadcrumb","itemListElement":[{"@type":"ListItem","position":1,"name":"Inicio","item":"https:\/\/www.gnosisxxi.mx\/en\/"},{"@type":"ListItem","position":2,"name":"About us","item":"https:\/\/www.gnosisxxi.mx\/en\/about-us\/"},{"@type":"ListItem","position":3,"name":"Adriana Maldonado Jim\u00e9nez"}]},{"@type":"WebSite","@id":"https:\/\/www.gnosisxxi.mx\/en\/#website","url":"https:\/\/www.gnosisxxi.mx\/en\/","name":"Gnosis XXI","description":"Gnosis XXI aplicando el conocimiento y construyendo redes de apoyo para acompa\u00f1ar a las empresas y gobiernos a lograr el \u00e9xito en su prop\u00f3sito con eficiencia y efectividad.","potentialAction":[{"@type":"SearchAction","target":{"@type":"EntryPoint","urlTemplate":"https:\/\/www.gnosisxxi.mx\/en\/?s={search_term_string}"},"query-input":{"@type":"PropertyValueSpecification","valueRequired":true,"valueName":"search_term_string"}}],"inLanguage":"en-US"}]}},"_links":{"self":[{"href":"https:\/\/www.gnosisxxi.mx\/en\/wp-json\/wp\/v2\/pages\/17","targetHints":{"allow":["GET"]}}],"collection":[{"href":"https:\/\/www.gnosisxxi.mx\/en\/wp-json\/wp\/v2\/pages"}],"about":[{"href":"https:\/\/www.gnosisxxi.mx\/en\/wp-json\/wp\/v2\/types\/page"}],"author":[{"embeddable":true,"href":"https:\/\/www.gnosisxxi.mx\/en\/wp-json\/wp\/v2\/users\/8"}],"replies":[{"embeddable":true,"href":"https:\/\/www.gnosisxxi.mx\/en\/wp-json\/wp\/v2\/comments?post=17"}],"version-history":[{"count":2,"href":"https:\/\/www.gnosisxxi.mx\/en\/wp-json\/wp\/v2\/pages\/17\/revisions"}],"predecessor-version":[{"id":224,"href":"https:\/\/www.gnosisxxi.mx\/en\/wp-json\/wp\/v2\/pages\/17\/revisions\/224"}],"up":[{"embeddable":true,"href":"https:\/\/www.gnosisxxi.mx\/en\/wp-json\/wp\/v2\/pages\/212"}],"wp:attachment":[{"href":"https:\/\/www.gnosisxxi.mx\/en\/wp-json\/wp\/v2\/media?parent=17"}],"curies":[{"name":"wp","href":"https:\/\/api.w.org\/{rel}","templated":true}]}}